{"id":18280,"date":"2023-10-10T15:02:29","date_gmt":"2023-10-10T13:02:29","guid":{"rendered":"https:\/\/www.vitalproducts.eu\/rueckgaberecht\/"},"modified":"2025-08-25T23:15:06","modified_gmt":"2025-08-25T21:15:06","slug":"rueckgaberecht","status":"publish","type":"page","link":"https:\/\/vitalproducts.eu\/de\/rueckgaberecht\/","title":{"rendered":"R\u00fcckgaberecht"},"content":{"rendered":"\t\t<div data-elementor-type=\"wp-page\" data-elementor-id=\"18280\" class=\"elementor elementor-18280 elementor-392\" data-elementor-settings=\"{&quot;ha_cmc_init_switcher&quot;:&quot;no&quot;}\" data-elementor-post-type=\"page\">\n\t\t\t\t\t\t<section class=\"elementor-section elementor-top-section elementor-element elementor-element-694d882 elementor-section-boxed elementor-section-height-default elementor-section-height-default\" data-id=\"694d882\" data-element_type=\"section\" data-e-type=\"section\">\n\t\t\t\t\t\t<div class=\"elementor-container elementor-column-gap-default\">\n\t\t\t\t\t<div class=\"elementor-column elementor-col-100 elementor-top-column elementor-element elementor-element-451de4f\" data-id=\"451de4f\" data-element_type=\"column\" data-e-type=\"column\">\n\t\t\t<div class=\"elementor-widget-wrap elementor-element-populated\">\n\t\t\t\t\t\t<div class=\"elementor-element elementor-element-83bd055 elementor-widget elementor-widget-heading\" data-id=\"83bd055\" data-element_type=\"widget\" data-e-type=\"widget\" data-widget_type=\"heading.default\">\n\t\t\t\t<div class=\"elementor-widget-container\">\n\t\t\t\t\t<h2 class=\"elementor-heading-title elementor-size-default\">R\u00fcckgaberecht<\/h2>\t\t\t\t<\/div>\n\t\t\t\t<\/div>\n\t\t\t\t<div class=\"elementor-element elementor-element-6227488 elementor-widget elementor-widget-text-editor\" data-id=\"6227488\" data-element_type=\"widget\" data-e-type=\"widget\" data-widget_type=\"text-editor.default\">\n\t\t\t\t<div class=\"elementor-widget-container\">\n\t\t\t\t\t\t\t\t\t<p>Da unsere Website immaterielle, unwiderrufliche Waren anbietet, gew\u00e4hren wir nach dem Kauf des Produkts keine R\u00fcckerstattungen, was Sie vor dem Kauf eines Produkts auf der Website best\u00e4tigen. Bitte vergewissern Sie sich, dass Sie die Leistungsbeschreibung unserer Produkte sorgf\u00e4ltig gelesen haben, bevor Sie einen Kauf t\u00e4tigen.&nbsp;<\/p>\n<p><span style=\"font-style: inherit; color: var( --e-global-color-text ); font-family: var( --e-global-typography-text-font-family ), Sans-serif;\">Wenn Sie Fragen zu dieser Richtlinie haben, wenden Sie sich bitte <\/span><a href=\"https:\/\/www.vitalproducts.eu\/de\/kontakt\/\" style=\"font-style: inherit; font-family: var( --e-global-typography-text-font-family ), Sans-serif;\">kontaktieren Sie uns.<\/a><br><\/p>\n<p>Dieses Dokument wurde zuletzt im August 2025 aktualisiert.<\/p>\t\t\t\t\t\t\t\t<\/div>\n\t\t\t\t<\/div>\n\t\t\t\t\t<\/div>\n\t\t<\/div>\n\t\t\t\t\t<\/div>\n\t\t<\/section>\n\t\t\t\t<\/div>\n\t\t","protected":false},"excerpt":{"rendered":"<p>R\u00fcckgaberecht Da unsere Website immaterielle, unwiderrufliche Waren anbietet, gew\u00e4hren wir nach dem Kauf des Produkts keine R\u00fcckerstattungen, was Sie vor dem Kauf eines Produkts auf der Website best\u00e4tigen. Bitte vergewissern Sie sich, dass Sie die Leistungsbeschreibung unserer Produkte sorgf\u00e4ltig gelesen haben, bevor Sie einen Kauf t\u00e4tigen.&nbsp; Wenn Sie Fragen zu dieser Richtlinie haben, wenden Sie [&hellip;]<\/p>\n","protected":false},"author":28,"featured_media":0,"parent":0,"menu_order":0,"comment_status":"closed","ping_status":"closed","template":"","meta":{"site-sidebar-layout":"default","site-content-layout":"","ast-site-content-layout":"default","site-content-style":"default","site-sidebar-style":"default","ast-global-header-display":"","ast-banner-title-visibility":"","ast-main-header-display":"","ast-hfb-above-header-display":"","ast-hfb-below-header-display":"","ast-hfb-mobile-header-display":"","site-post-title":"","ast-breadcrumbs-content":"","ast-featured-img":"","footer-sml-layout":"","ast-disable-related-posts":"","theme-transparent-header-meta":"","adv-header-id-meta":"","stick-header-meta":"","header-above-stick-meta":"","header-main-stick-meta":"","header-below-stick-meta":"","astra-migrate-meta-layouts":"default","ast-page-background-enabled":"default","ast-page-background-meta":{"desktop":{"background-color":"var(--ast-global-color-4)","background-image":"","background-repeat":"repeat","background-position":"center center","background-size":"auto","background-attachment":"scroll","background-type":"","background-media":"","overlay-type":"","overlay-color":"","overlay-opacity":"","overlay-gradient":""},"tablet":{"background-color":"","background-image":"","background-repeat":"repeat","background-position":"center center","background-size":"auto","background-attachment":"scroll","background-type":"","background-media":"","overlay-type":"","overlay-color":"","overlay-opacity":"","overlay-gradient":""},"mobile":{"background-color":"","background-image":"","background-repeat":"repeat","background-position":"center center","background-size":"auto","background-attachment":"scroll","background-type":"","background-media":"","overlay-type":"","overlay-color":"","overlay-opacity":"","overlay-gradient":""}},"ast-content-background-meta":{"desktop":{"background-color":"var(--ast-global-color-5)","background-image":"","background-repeat":"repeat","background-position":"center center","background-size":"auto","background-attachment":"scroll","background-type":"","background-media":"","overlay-type":"","overlay-color":"","overlay-opacity":"","overlay-gradient":""},"tablet":{"background-color":"var(--ast-global-color-5)","background-image":"","background-repeat":"repeat","background-position":"center center","background-size":"auto","background-attachment":"scroll","background-type":"","background-media":"","overlay-type":"","overlay-color":"","overlay-opacity":"","overlay-gradient":""},"mobile":{"background-color":"var(--ast-global-color-5)","background-image":"","background-repeat":"repeat","background-position":"center center","background-size":"auto","background-attachment":"scroll","background-type":"","background-media":"","overlay-type":"","overlay-color":"","overlay-opacity":"","overlay-gradient":""}},"_joinchat":[],"footnotes":""},"class_list":["post-18280","page","type-page","status-publish","hentry"],"yoast_head":"<!-- This site is optimized with the Yoast SEO plugin v27.1.1 - https:\/\/yoast.com\/product\/yoast-seo-wordpress\/ -->\n<title>R\u00fcckgaberecht - Vital Products<\/title>\n<meta name=\"robots\" content=\"index, follow, max-snippet:-1, max-image-preview:large, max-video-preview:-1\" \/>\n<link rel=\"canonical\" href=\"https:\/\/vitalproducts.eu\/de\/rueckgaberecht\/\" \/>\n<meta property=\"og:locale\" content=\"de_DE\" \/>\n<meta property=\"og:type\" content=\"article\" \/>\n<meta property=\"og:title\" content=\"R\u00fcckgaberecht - Vital Products\" \/>\n<meta property=\"og:description\" content=\"R\u00fcckgaberecht Da unsere Website immaterielle, unwiderrufliche Waren anbietet, gew\u00e4hren wir nach dem Kauf des Produkts keine R\u00fcckerstattungen, was Sie vor dem Kauf eines Produkts auf der Website best\u00e4tigen. Bitte vergewissern Sie sich, dass Sie die Leistungsbeschreibung unserer Produkte sorgf\u00e4ltig gelesen haben, bevor Sie einen Kauf t\u00e4tigen.&nbsp; Wenn Sie Fragen zu dieser Richtlinie haben, wenden Sie [&hellip;]\" \/>\n<meta property=\"og:url\" content=\"https:\/\/vitalproducts.eu\/de\/rueckgaberecht\/\" \/>\n<meta property=\"og:site_name\" content=\"Vital Products\" \/>\n<meta property=\"article:modified_time\" content=\"2025-08-25T21:15:06+00:00\" \/>\n<meta name=\"twitter:card\" content=\"summary_large_image\" \/>\n<meta name=\"twitter:label1\" content=\"Gesch\u00e4tzte Lesezeit\" \/>\n\t<meta name=\"twitter:data1\" content=\"1\u00a0Minute\" \/>\n<script type=\"application\/ld+json\" class=\"yoast-schema-graph\">{\"@context\":\"https:\/\/schema.org\",\"@graph\":[{\"@type\":\"WebPage\",\"@id\":\"https:\/\/vitalproducts.eu\/de\/rueckgaberecht\/\",\"url\":\"https:\/\/vitalproducts.eu\/de\/rueckgaberecht\/\",\"name\":\"R\u00fcckgaberecht - Vital Products\",\"isPartOf\":{\"@id\":\"http:\/\/172.26.5.218\/#website\"},\"datePublished\":\"2023-10-10T13:02:29+00:00\",\"dateModified\":\"2025-08-25T21:15:06+00:00\",\"breadcrumb\":{\"@id\":\"https:\/\/vitalproducts.eu\/de\/rueckgaberecht\/#breadcrumb\"},\"inLanguage\":\"de\",\"potentialAction\":[{\"@type\":\"ReadAction\",\"target\":[\"https:\/\/vitalproducts.eu\/de\/rueckgaberecht\/\"]}]},{\"@type\":\"BreadcrumbList\",\"@id\":\"https:\/\/vitalproducts.eu\/de\/rueckgaberecht\/#breadcrumb\",\"itemListElement\":[{\"@type\":\"ListItem\",\"position\":1,\"name\":\"Home\",\"item\":\"https:\/\/www.vitalproducts.nl\/de\/\"},{\"@type\":\"ListItem\",\"position\":2,\"name\":\"R\u00fcckgaberecht\"}]},{\"@type\":\"WebSite\",\"@id\":\"http:\/\/172.26.5.218\/#website\",\"url\":\"http:\/\/172.26.5.218\/\",\"name\":\"Vital Products\",\"description\":\"\",\"potentialAction\":[{\"@type\":\"SearchAction\",\"target\":{\"@type\":\"EntryPoint\",\"urlTemplate\":\"http:\/\/172.26.5.218\/?s={search_term_string}\"},\"query-input\":{\"@type\":\"PropertyValueSpecification\",\"valueRequired\":true,\"valueName\":\"search_term_string\"}}],\"inLanguage\":\"de\"}]}<\/script>\n<!-- \/ Yoast SEO plugin. -->","yoast_head_json":{"title":"R\u00fcckgaberecht - Vital Products","robots":{"index":"index","follow":"follow","max-snippet":"max-snippet:-1","max-image-preview":"max-image-preview:large","max-video-preview":"max-video-preview:-1"},"canonical":"https:\/\/vitalproducts.eu\/de\/rueckgaberecht\/","og_locale":"de_DE","og_type":"article","og_title":"R\u00fcckgaberecht - Vital Products","og_description":"R\u00fcckgaberecht Da unsere Website immaterielle, unwiderrufliche Waren anbietet, gew\u00e4hren wir nach dem Kauf des Produkts keine R\u00fcckerstattungen, was Sie vor dem Kauf eines Produkts auf der Website best\u00e4tigen. Bitte vergewissern Sie sich, dass Sie die Leistungsbeschreibung unserer Produkte sorgf\u00e4ltig gelesen haben, bevor Sie einen Kauf t\u00e4tigen.&nbsp; Wenn Sie Fragen zu dieser Richtlinie haben, wenden Sie [&hellip;]","og_url":"https:\/\/vitalproducts.eu\/de\/rueckgaberecht\/","og_site_name":"Vital Products","article_modified_time":"2025-08-25T21:15:06+00:00","twitter_card":"summary_large_image","twitter_misc":{"Gesch\u00e4tzte Lesezeit":"1\u00a0Minute"},"schema":{"@context":"https:\/\/schema.org","@graph":[{"@type":"WebPage","@id":"https:\/\/vitalproducts.eu\/de\/rueckgaberecht\/","url":"https:\/\/vitalproducts.eu\/de\/rueckgaberecht\/","name":"R\u00fcckgaberecht - Vital Products","isPartOf":{"@id":"http:\/\/172.26.5.218\/#website"},"datePublished":"2023-10-10T13:02:29+00:00","dateModified":"2025-08-25T21:15:06+00:00","breadcrumb":{"@id":"https:\/\/vitalproducts.eu\/de\/rueckgaberecht\/#breadcrumb"},"inLanguage":"de","potentialAction":[{"@type":"ReadAction","target":["https:\/\/vitalproducts.eu\/de\/rueckgaberecht\/"]}]},{"@type":"BreadcrumbList","@id":"https:\/\/vitalproducts.eu\/de\/rueckgaberecht\/#breadcrumb","itemListElement":[{"@type":"ListItem","position":1,"name":"Home","item":"https:\/\/www.vitalproducts.nl\/de\/"},{"@type":"ListItem","position":2,"name":"R\u00fcckgaberecht"}]},{"@type":"WebSite","@id":"http:\/\/172.26.5.218\/#website","url":"http:\/\/172.26.5.218\/","name":"Vital Products","description":"","potentialAction":[{"@type":"SearchAction","target":{"@type":"EntryPoint","urlTemplate":"http:\/\/172.26.5.218\/?s={search_term_string}"},"query-input":{"@type":"PropertyValueSpecification","valueRequired":true,"valueName":"search_term_string"}}],"inLanguage":"de"}]}},"_links":{"self":[{"href":"https:\/\/vitalproducts.eu\/de\/wp-json\/wp\/v2\/pages\/18280","targetHints":{"allow":["GET"]}}],"collection":[{"href":"https:\/\/vitalproducts.eu\/de\/wp-json\/wp\/v2\/pages"}],"about":[{"href":"https:\/\/vitalproducts.eu\/de\/wp-json\/wp\/v2\/types\/page"}],"author":[{"embeddable":true,"href":"https:\/\/vitalproducts.eu\/de\/wp-json\/wp\/v2\/users\/28"}],"replies":[{"embeddable":true,"href":"https:\/\/vitalproducts.eu\/de\/wp-json\/wp\/v2\/comments?post=18280"}],"version-history":[{"count":0,"href":"https:\/\/vitalproducts.eu\/de\/wp-json\/wp\/v2\/pages\/18280\/revisions"}],"wp:attachment":[{"href":"https:\/\/vitalproducts.eu\/de\/wp-json\/wp\/v2\/media?parent=18280"}],"curies":[{"name":"wp","href":"https:\/\/api.w.org\/{rel}","templated":true}]}}