{"id":18289,"date":"2023-10-10T15:02:30","date_gmt":"2023-10-10T13:02:30","guid":{"rendered":"https:\/\/www.vitalproducts.eu\/cookie-richtlinie\/"},"modified":"2025-08-25T23:14:09","modified_gmt":"2025-08-25T21:14:09","slug":"cookie-richtlinie","status":"publish","type":"page","link":"https:\/\/vitalproducts.eu\/de\/cookie-richtlinie\/","title":{"rendered":"Cookie-Richtlinie"},"content":{"rendered":"\t\t<div data-elementor-type=\"wp-page\" data-elementor-id=\"18289\" class=\"elementor elementor-18289 elementor-397\" data-elementor-settings=\"{&quot;ha_cmc_init_switcher&quot;:&quot;no&quot;}\" data-elementor-post-type=\"page\">\n\t\t\t\t\t\t<section class=\"elementor-section elementor-top-section elementor-element elementor-element-f3a3343 elementor-section-boxed elementor-section-height-default elementor-section-height-default\" data-id=\"f3a3343\" data-element_type=\"section\" data-e-type=\"section\">\n\t\t\t\t\t\t<div class=\"elementor-container elementor-column-gap-default\">\n\t\t\t\t\t<div class=\"elementor-column elementor-col-100 elementor-top-column elementor-element elementor-element-79f5140\" data-id=\"79f5140\" data-element_type=\"column\" data-e-type=\"column\">\n\t\t\t<div class=\"elementor-widget-wrap elementor-element-populated\">\n\t\t\t\t\t\t<div class=\"elementor-element elementor-element-f4bf9b3 elementor-widget elementor-widget-heading\" data-id=\"f4bf9b3\" data-element_type=\"widget\" data-e-type=\"widget\" data-widget_type=\"heading.default\">\n\t\t\t\t<div class=\"elementor-widget-container\">\n\t\t\t\t\t<h2 class=\"elementor-heading-title elementor-size-default\">Cookie-Richtlinie<\/h2>\t\t\t\t<\/div>\n\t\t\t\t<\/div>\n\t\t\t\t<div class=\"elementor-element elementor-element-adbc3da elementor-widget elementor-widget-text-editor\" data-id=\"adbc3da\" data-element_type=\"widget\" data-e-type=\"widget\" data-widget_type=\"text-editor.default\">\n\t\t\t\t<div class=\"elementor-widget-container\">\n\t\t\t\t\t\t\t\t\t<p>Diese Cookie-Richtlinie (\u201eRichtlinie\u201c) beschreibt, was Cookies sind und wie Vitalproducts (\u201eVitalproducts\u201c, \u201ewir\u201c, \u201euns\u201c oder \u201eunser\u201c) sie auf der <a href=\"https:\/\/www.vitalproducts.eu\/de\/\" target=\"_blank\" rel=\"noopener\">Website<\/a> und ihren Produkten oder Dienstleistungen (zusammen \u201eWebsite\u201c genannt) verwendet. oder \u201eDienste\u201c).<\/p><p>Sie sollten diese Richtlinie lesen, damit Sie verstehen, welche Art von Cookies wir verwenden, welche Informationen wir mithilfe von Cookies sammeln und wie diese Informationen verwendet werden. Es beschreibt auch die Ihnen zur Verf\u00fcgung stehenden Wahlm\u00f6glichkeiten bez\u00fcglich der Annahme oder Ablehnung der Verwendung von Cookies. Weitere Informationen dar\u00fcber, wie wir Ihre personenbezogenen Daten verwenden, speichern und sch\u00fctzen, finden Sie in unserer <a href=\"https:\/\/www.vitalproducts.eu\/wp-content\/uploads\/2019\/05\/05_01_2019_Vitalproducts_Dataprotection_Policy.pdf\">Datenschutzerkl\u00e4rung<\/a> .<\/p><p><strong>Was sind Kekse?<\/strong><\/p><p>Cookies sind kleine Textdateien, die auf Ihrem Computer oder anderen Ger\u00e4ten gespeichert werden, wenn Websites in einen Browser geladen werden. Sie werden h\u00e4ufig verwendet, um sich an Sie und Ihre Pr\u00e4ferenzen zu erinnern, entweder f\u00fcr einen einzigen Besuch (durch ein \u201eSitzungs-Cookie\u201c) oder f\u00fcr mehrere wiederholte Besuche (mit einem \u201edauerhaften Cookie\u201c).<\/p><p>Sitzungscookies sind tempor\u00e4re Cookies, die w\u00e4hrend Ihres Besuchs auf der Website verwendet werden und verfallen, wenn Sie den Webbrowser schlie\u00dfen.<\/p><p>Dauerhafte Cookies werden verwendet, um Ihre Pr\u00e4ferenzen innerhalb unserer Website zu speichern und auf Ihrem Desktop oder Mobilger\u00e4t zu verbleiben, auch wenn Sie Ihren Browser schlie\u00dfen oder Ihren Computer neu starten. Sie gew\u00e4hrleisten ein konsistentes und effizientes Erlebnis f\u00fcr Sie beim Besuch unserer Website oder bei der Nutzung unserer Dienste.<\/p><p>Cookies k\u00f6nnen von der Website (\u201eErstanbieter-Cookies\u201c) oder von Dritten gesetzt werden, beispielsweise von denen, die Inhalte bereitstellen oder Werbe- oder Analysedienste auf der Website bereitstellen (\u201eDrittanbieter-Cookies\u201c). Diese Drittanbieter k\u00f6nnen Sie beim Besuch unserer Website und auch beim Besuch bestimmter anderer Websites wiedererkennen.<\/p><p><strong>Welche Art von Cookies verwenden wir?<\/strong><\/p><p><em>Notwendige Cookies<\/em><\/p><p>Notwendige Cookies erm\u00f6glichen es uns, Ihnen das bestm\u00f6gliche Erlebnis beim Zugriff auf und beim Navigieren durch unsere Website und bei der Nutzung ihrer Funktionen zu bieten. Anhand dieser Cookies k\u00f6nnen wir beispielsweise erkennen, dass Sie ein Konto erstellt haben und sich bei diesem Konto eingeloggt haben, um auf die Inhalte zuzugreifen.<\/p><p><em>Funktionalit\u00e4ts-Cookies<\/em><\/p><p>Funktionalit\u00e4ts-Cookies erm\u00f6glichen es uns, die Website und unsere Dienste gem\u00e4\u00df den von Ihnen getroffenen Entscheidungen zu betreiben. Beispielsweise erkennen wir Ihren Benutzernamen und merken uns, wie Sie die Website und die Dienste bei zuk\u00fcnftigen Besuchen angepasst haben.<\/p><p><em>Analytische Cookies<\/em><\/p><p>Diese Cookies erm\u00f6glichen es uns und Drittanbietern, aggregierte Daten zu statistischen Zwecken dar\u00fcber zu sammeln, wie unsere Besucher die Website nutzen. Diese Cookies enthalten keine personenbezogenen Daten wie Namen und E-Mail-Adressen und werden verwendet, um uns dabei zu helfen, Ihre Benutzererfahrung auf der Website zu verbessern.<\/p><p><em>Werbe-Cookies<\/em><\/p><p>Werbe-Cookies erm\u00f6glichen es uns und Drittanbietern, Ihnen relevante Anzeigen effektiver zu pr\u00e4sentieren und uns dabei zu helfen, aggregierte Auditdaten, Recherchen und Leistungsberichte f\u00fcr Werbetreibende zu sammeln. Sie erm\u00f6glichen es uns auch, die Auslieferung von Anzeigen an Sie zu verstehen und zu verbessern und zu wissen, wann Ihnen bestimmte Anzeigen gezeigt wurden.<\/p><p>Ihr Webbrowser kann Werbung direkt von den Servern von Werbenetzwerken anfordern. Diese Netzwerke k\u00f6nnen ihre eigenen Cookies anzeigen, bearbeiten oder setzen, genau so, als ob Sie eine Webseite von ihrer Website angefordert h\u00e4tten.<\/p><p>Obwohl wir keine Cookies verwenden, um ein Profil Ihres Surfverhaltens auf Websites von Drittanbietern zu erstellen, verwenden wir aggregierte Daten von Drittanbietern, um Ihnen relevante, interessenbezogene Werbung anzuzeigen. Wir geben keine personenbezogenen Daten, die wir sammeln, an Werbetreibende weiter.<\/p><p><em>Social-Media-Cookies<\/em><\/p><p>Cookies von Drittanbietern von Social-Media-Sites (wie Facebook, Twitter usw.) erm\u00f6glichen es uns, Benutzer sozialer Netzwerke zu verfolgen, wenn sie unsere Website besuchen, unsere Dienste nutzen oder Inhalte teilen, indem wir einen Tagging-Mechanismus verwenden, der von diesen sozialen Netzwerken bereitgestellt wird.<\/p><p>Diese Cookies werden auch f\u00fcr Event-Tracking- und Remarketing-Zwecke verwendet. Alle mit diesen Tags gesammelten Daten werden in \u00dcbereinstimmung mit unseren Datenschutzrichtlinien und den Datenschutzrichtlinien der sozialen Netzwerke verwendet. Wir werden keine personenbezogenen Daten des Benutzers sammeln oder weitergeben.<\/p><p><strong>Verwenden wir Web-Beacons oder Tracking-Pixel?<\/strong><\/p><p>Unsere E-Mails k\u00f6nnen einen \u201eWeb-Beacon\u201c (oder \u201eTracking-Pixel\u201c) enthalten, um uns mitzuteilen, ob unsere E-Mails ge\u00f6ffnet werden, und um alle Klicks auf Links oder Werbung in der E-Mail zu \u00fcberpr\u00fcfen.<\/p><p>Wir k\u00f6nnen diese Informationen verwenden, um unter anderem zu ermitteln, welche unserer E-Mails f\u00fcr Benutzer interessanter sind, und um abzufragen, ob Benutzer, die unsere E-Mails nicht \u00f6ffnen, diese weiterhin erhalten m\u00f6chten.<\/p><p>Das Pixel wird gel\u00f6scht, wenn Sie die E-Mail l\u00f6schen. Wenn Sie nicht m\u00f6chten, dass das Pixel auf Ihr Ger\u00e4t heruntergeladen wird, sollten Sie die E-Mail in der Klartextansicht oder mit deaktivierten Bildern lesen.<\/p><p><strong>Welche Cookie-Optionen haben Sie?<\/strong><\/p><p>Wenn Ihnen die Idee von Cookies oder bestimmten Arten von Cookies nicht gef\u00e4llt, k\u00f6nnen Sie die Einstellungen Ihres Browsers \u00e4ndern, um bereits gesetzte Cookies zu l\u00f6schen und neue Cookies nicht zu akzeptieren. Um mehr dar\u00fcber zu erfahren, wie das geht oder um mehr \u00fcber Cookies zu erfahren, besuchen Sie <a href=\"https:\/\/www.internetcookies.org\/\">internetcookies.org<\/a> .<\/p><p>Bitte beachten Sie jedoch, dass Sie m\u00f6glicherweise nicht alle Funktionen unserer Website und unserer Dienste nutzen k\u00f6nnen, wenn Sie Cookies l\u00f6schen oder nicht akzeptieren.<\/p><p><strong>\u00c4nderungen und Erg\u00e4nzungen<\/strong><\/p><p>Wir behalten uns das Recht vor, diese Richtlinie in Bezug auf die Website oder die Dienste jederzeit mit Wirkung zum Zeitpunkt der Ver\u00f6ffentlichung einer aktualisierten Version dieser Richtlinie auf der Website zu \u00e4ndern. Wenn wir dies tun, werden wir das aktualisierte Datum am Ende dieser Seite \u00fcberarbeiten. Die fortgesetzte Nutzung der Website nach solchen \u00c4nderungen gilt als Ihre Zustimmung zu solchen \u00c4nderungen.<\/p><p><strong>Annahme dieser Richtlinie<\/strong><\/p><p>Sie best\u00e4tigen, dass Sie diese Richtlinie gelesen haben und mit allen ihren Bedingungen einverstanden sind. Durch die Nutzung der Website oder ihrer Dienste erkl\u00e4ren Sie sich mit dieser Richtlinie einverstanden. Wenn Sie den Bedingungen dieser Richtlinie nicht zustimmen, sind Sie nicht berechtigt, die Website und ihre Dienste zu nutzen oder darauf zuzugreifen.<\/p><p><strong>Uns kontaktieren<\/strong><\/p><p>Wenn Sie Fragen zu dieser Richtlinie oder unserer Verwendung von Cookies haben, kontaktieren Sie uns bitte.<\/p><p><em>Dieses Dokument wurde zuletzt im August 2025 aktualisiert.<\/em><\/p>\t\t\t\t\t\t\t\t<\/div>\n\t\t\t\t<\/div>\n\t\t\t\t\t<\/div>\n\t\t<\/div>\n\t\t\t\t\t<\/div>\n\t\t<\/section>\n\t\t\t\t<\/div>\n\t\t","protected":false},"excerpt":{"rendered":"<p>Cookie-Richtlinie Diese Cookie-Richtlinie (\u201eRichtlinie\u201c) beschreibt, was Cookies sind und wie Vitalproducts (\u201eVitalproducts\u201c, \u201ewir\u201c, \u201euns\u201c oder \u201eunser\u201c) sie auf der Website und ihren Produkten oder Dienstleistungen (zusammen \u201eWebsite\u201c genannt) verwendet. oder \u201eDienste\u201c). Sie sollten diese Richtlinie lesen, damit Sie verstehen, welche Art von Cookies wir verwenden, welche Informationen wir mithilfe von Cookies sammeln und wie diese [&hellip;]<\/p>\n","protected":false},"author":28,"featured_media":0,"parent":0,"menu_order":0,"comment_status":"closed","ping_status":"closed","template":"","meta":{"site-sidebar-layout":"default","site-content-layout":"","ast-site-content-layout":"default","site-content-style":"default","site-sidebar-style":"default","ast-global-header-display":"","ast-banner-title-visibility":"","ast-main-header-display":"","ast-hfb-above-header-display":"","ast-hfb-below-header-display":"","ast-hfb-mobile-header-display":"","site-post-title":"","ast-breadcrumbs-content":"","ast-featured-img":"","footer-sml-layout":"","ast-disable-related-posts":"","theme-transparent-header-meta":"","adv-header-id-meta":"","stick-header-meta":"","header-above-stick-meta":"","header-main-stick-meta":"","header-below-stick-meta":"","astra-migrate-meta-layouts":"default","ast-page-background-enabled":"default","ast-page-background-meta":{"desktop":{"background-color":"var(--ast-global-color-4)","background-image":"","background-repeat":"repeat","background-position":"center center","background-size":"auto","background-attachment":"scroll","background-type":"","background-media":"","overlay-type":"","overlay-color":"","overlay-opacity":"","overlay-gradient":""},"tablet":{"background-color":"","background-image":"","background-repeat":"repeat","background-position":"center center","background-size":"auto","background-attachment":"scroll","background-type":"","background-media":"","overlay-type":"","overlay-color":"","overlay-opacity":"","overlay-gradient":""},"mobile":{"background-color":"","background-image":"","background-repeat":"repeat","background-position":"center center","background-size":"auto","background-attachment":"scroll","background-type":"","background-media":"","overlay-type":"","overlay-color":"","overlay-opacity":"","overlay-gradient":""}},"ast-content-background-meta":{"desktop":{"background-color":"var(--ast-global-color-5)","background-image":"","background-repeat":"repeat","background-position":"center center","background-size":"auto","background-attachment":"scroll","background-type":"","background-media":"","overlay-type":"","overlay-color":"","overlay-opacity":"","overlay-gradient":""},"tablet":{"background-color":"var(--ast-global-color-5)","background-image":"","background-repeat":"repeat","background-position":"center center","background-size":"auto","background-attachment":"scroll","background-type":"","background-media":"","overlay-type":"","overlay-color":"","overlay-opacity":"","overlay-gradient":""},"mobile":{"background-color":"var(--ast-global-color-5)","background-image":"","background-repeat":"repeat","background-position":"center center","background-size":"auto","background-attachment":"scroll","background-type":"","background-media":"","overlay-type":"","overlay-color":"","overlay-opacity":"","overlay-gradient":""}},"_joinchat":[],"footnotes":""},"class_list":["post-18289","page","type-page","status-publish","hentry"],"yoast_head":"<!-- This site is optimized with the Yoast SEO plugin v27.1.1 - https:\/\/yoast.com\/product\/yoast-seo-wordpress\/ -->\n<title>Cookie-Richtlinie - Vital Products<\/title>\n<meta name=\"robots\" content=\"index, follow, max-snippet:-1, max-image-preview:large, max-video-preview:-1\" \/>\n<link rel=\"canonical\" href=\"https:\/\/vitalproducts.eu\/de\/cookie-richtlinie\/\" \/>\n<meta property=\"og:locale\" content=\"de_DE\" \/>\n<meta property=\"og:type\" content=\"article\" \/>\n<meta property=\"og:title\" content=\"Cookie-Richtlinie - Vital Products\" \/>\n<meta property=\"og:description\" content=\"Cookie-Richtlinie Diese Cookie-Richtlinie (\u201eRichtlinie\u201c) beschreibt, was Cookies sind und wie Vitalproducts (\u201eVitalproducts\u201c, \u201ewir\u201c, \u201euns\u201c oder \u201eunser\u201c) sie auf der Website und ihren Produkten oder Dienstleistungen (zusammen \u201eWebsite\u201c genannt) verwendet. oder \u201eDienste\u201c). Sie sollten diese Richtlinie lesen, damit Sie verstehen, welche Art von Cookies wir verwenden, welche Informationen wir mithilfe von Cookies sammeln und wie diese [&hellip;]\" \/>\n<meta property=\"og:url\" content=\"https:\/\/vitalproducts.eu\/de\/cookie-richtlinie\/\" \/>\n<meta property=\"og:site_name\" content=\"Vital Products\" \/>\n<meta property=\"article:modified_time\" content=\"2025-08-25T21:14:09+00:00\" \/>\n<meta name=\"twitter:card\" content=\"summary_large_image\" \/>\n<meta name=\"twitter:label1\" content=\"Gesch\u00e4tzte Lesezeit\" \/>\n\t<meta name=\"twitter:data1\" content=\"6\u00a0Minuten\" \/>\n<script type=\"application\/ld+json\" class=\"yoast-schema-graph\">{\"@context\":\"https:\/\/schema.org\",\"@graph\":[{\"@type\":\"WebPage\",\"@id\":\"https:\/\/vitalproducts.eu\/de\/cookie-richtlinie\/\",\"url\":\"https:\/\/vitalproducts.eu\/de\/cookie-richtlinie\/\",\"name\":\"Cookie-Richtlinie - Vital Products\",\"isPartOf\":{\"@id\":\"http:\/\/172.26.5.218\/#website\"},\"datePublished\":\"2023-10-10T13:02:30+00:00\",\"dateModified\":\"2025-08-25T21:14:09+00:00\",\"breadcrumb\":{\"@id\":\"https:\/\/vitalproducts.eu\/de\/cookie-richtlinie\/#breadcrumb\"},\"inLanguage\":\"de\",\"potentialAction\":[{\"@type\":\"ReadAction\",\"target\":[\"https:\/\/vitalproducts.eu\/de\/cookie-richtlinie\/\"]}]},{\"@type\":\"BreadcrumbList\",\"@id\":\"https:\/\/vitalproducts.eu\/de\/cookie-richtlinie\/#breadcrumb\",\"itemListElement\":[{\"@type\":\"ListItem\",\"position\":1,\"name\":\"Home\",\"item\":\"https:\/\/www.vitalproducts.nl\/de\/\"},{\"@type\":\"ListItem\",\"position\":2,\"name\":\"Cookie-Richtlinie\"}]},{\"@type\":\"WebSite\",\"@id\":\"http:\/\/172.26.5.218\/#website\",\"url\":\"http:\/\/172.26.5.218\/\",\"name\":\"Vital Products\",\"description\":\"\",\"potentialAction\":[{\"@type\":\"SearchAction\",\"target\":{\"@type\":\"EntryPoint\",\"urlTemplate\":\"http:\/\/172.26.5.218\/?s={search_term_string}\"},\"query-input\":{\"@type\":\"PropertyValueSpecification\",\"valueRequired\":true,\"valueName\":\"search_term_string\"}}],\"inLanguage\":\"de\"}]}<\/script>\n<!-- \/ Yoast SEO plugin. -->","yoast_head_json":{"title":"Cookie-Richtlinie - Vital Products","robots":{"index":"index","follow":"follow","max-snippet":"max-snippet:-1","max-image-preview":"max-image-preview:large","max-video-preview":"max-video-preview:-1"},"canonical":"https:\/\/vitalproducts.eu\/de\/cookie-richtlinie\/","og_locale":"de_DE","og_type":"article","og_title":"Cookie-Richtlinie - Vital Products","og_description":"Cookie-Richtlinie Diese Cookie-Richtlinie (\u201eRichtlinie\u201c) beschreibt, was Cookies sind und wie Vitalproducts (\u201eVitalproducts\u201c, \u201ewir\u201c, \u201euns\u201c oder \u201eunser\u201c) sie auf der Website und ihren Produkten oder Dienstleistungen (zusammen \u201eWebsite\u201c genannt) verwendet. oder \u201eDienste\u201c). Sie sollten diese Richtlinie lesen, damit Sie verstehen, welche Art von Cookies wir verwenden, welche Informationen wir mithilfe von Cookies sammeln und wie diese [&hellip;]","og_url":"https:\/\/vitalproducts.eu\/de\/cookie-richtlinie\/","og_site_name":"Vital Products","article_modified_time":"2025-08-25T21:14:09+00:00","twitter_card":"summary_large_image","twitter_misc":{"Gesch\u00e4tzte Lesezeit":"6\u00a0Minuten"},"schema":{"@context":"https:\/\/schema.org","@graph":[{"@type":"WebPage","@id":"https:\/\/vitalproducts.eu\/de\/cookie-richtlinie\/","url":"https:\/\/vitalproducts.eu\/de\/cookie-richtlinie\/","name":"Cookie-Richtlinie - Vital Products","isPartOf":{"@id":"http:\/\/172.26.5.218\/#website"},"datePublished":"2023-10-10T13:02:30+00:00","dateModified":"2025-08-25T21:14:09+00:00","breadcrumb":{"@id":"https:\/\/vitalproducts.eu\/de\/cookie-richtlinie\/#breadcrumb"},"inLanguage":"de","potentialAction":[{"@type":"ReadAction","target":["https:\/\/vitalproducts.eu\/de\/cookie-richtlinie\/"]}]},{"@type":"BreadcrumbList","@id":"https:\/\/vitalproducts.eu\/de\/cookie-richtlinie\/#breadcrumb","itemListElement":[{"@type":"ListItem","position":1,"name":"Home","item":"https:\/\/www.vitalproducts.nl\/de\/"},{"@type":"ListItem","position":2,"name":"Cookie-Richtlinie"}]},{"@type":"WebSite","@id":"http:\/\/172.26.5.218\/#website","url":"http:\/\/172.26.5.218\/","name":"Vital Products","description":"","potentialAction":[{"@type":"SearchAction","target":{"@type":"EntryPoint","urlTemplate":"http:\/\/172.26.5.218\/?s={search_term_string}"},"query-input":{"@type":"PropertyValueSpecification","valueRequired":true,"valueName":"search_term_string"}}],"inLanguage":"de"}]}},"_links":{"self":[{"href":"https:\/\/vitalproducts.eu\/de\/wp-json\/wp\/v2\/pages\/18289","targetHints":{"allow":["GET"]}}],"collection":[{"href":"https:\/\/vitalproducts.eu\/de\/wp-json\/wp\/v2\/pages"}],"about":[{"href":"https:\/\/vitalproducts.eu\/de\/wp-json\/wp\/v2\/types\/page"}],"author":[{"embeddable":true,"href":"https:\/\/vitalproducts.eu\/de\/wp-json\/wp\/v2\/users\/28"}],"replies":[{"embeddable":true,"href":"https:\/\/vitalproducts.eu\/de\/wp-json\/wp\/v2\/comments?post=18289"}],"version-history":[{"count":0,"href":"https:\/\/vitalproducts.eu\/de\/wp-json\/wp\/v2\/pages\/18289\/revisions"}],"wp:attachment":[{"href":"https:\/\/vitalproducts.eu\/de\/wp-json\/wp\/v2\/media?parent=18289"}],"curies":[{"name":"wp","href":"https:\/\/api.w.org\/{rel}","templated":true}]}}