{"id":18302,"date":"2023-10-10T15:02:31","date_gmt":"2023-10-10T13:02:31","guid":{"rendered":"https:\/\/www.vitalproducts.eu\/haftungsausschluss\/"},"modified":"2025-08-25T23:17:21","modified_gmt":"2025-08-25T21:17:21","slug":"haftungsausschluss","status":"publish","type":"page","link":"https:\/\/vitalproducts.eu\/de\/haftungsausschluss\/","title":{"rendered":"Haftungsausschluss"},"content":{"rendered":"\t\t<div data-elementor-type=\"wp-page\" data-elementor-id=\"18302\" class=\"elementor elementor-18302 elementor-404\" data-elementor-settings=\"{&quot;ha_cmc_init_switcher&quot;:&quot;no&quot;}\" data-elementor-post-type=\"page\">\n\t\t\t\t\t\t<section class=\"elementor-section elementor-top-section elementor-element elementor-element-8a4c982 elementor-section-boxed elementor-section-height-default elementor-section-height-default\" data-id=\"8a4c982\" data-element_type=\"section\" data-e-type=\"section\">\n\t\t\t\t\t\t<div class=\"elementor-container elementor-column-gap-default\">\n\t\t\t\t\t<div class=\"elementor-column elementor-col-100 elementor-top-column elementor-element elementor-element-b38e4fb\" data-id=\"b38e4fb\" data-element_type=\"column\" data-e-type=\"column\">\n\t\t\t<div class=\"elementor-widget-wrap elementor-element-populated\">\n\t\t\t\t\t\t<div class=\"elementor-element elementor-element-4449cce elementor-widget elementor-widget-heading\" data-id=\"4449cce\" data-element_type=\"widget\" data-e-type=\"widget\" data-widget_type=\"heading.default\">\n\t\t\t\t<div class=\"elementor-widget-container\">\n\t\t\t\t\t<h2 class=\"elementor-heading-title elementor-size-default\">Haftungsausschluss<\/h2>\t\t\t\t<\/div>\n\t\t\t\t<\/div>\n\t\t\t\t<div class=\"elementor-element elementor-element-144a761 elementor-widget elementor-widget-text-editor\" data-id=\"144a761\" data-element_type=\"widget\" data-e-type=\"widget\" data-widget_type=\"text-editor.default\">\n\t\t\t\t<div class=\"elementor-widget-container\">\n\t\t\t\t\t\t\t\t\t<p>Dieser Haftungsausschluss (\u201eHaftungsausschluss\u201c, \u201eVereinbarung\u201c) ist eine Vereinbarung zwischen Vitalproducts (\u201eVitalproducts\u201c, \u201euns\u201c, \u201ewir\u201c oder \u201eunser\u201c) und Ihnen (\u201eBenutzer\u201c, \u201eSie\u201c oder \u201eIhr\u201c). Dieser Haftungsausschluss legt die allgemeinen Richtlinien und Bedingungen f\u00fcr die Nutzung der <a href=\"https:\/\/www.vitalproducts.eu\/de\/\">vitalproducts.eu-Website<\/a> und aller VLife-Produkte und -Dienstleistungen (zusammenfassend als &#8222;Website&#8220; oder &#8222;Dienstleistungen&#8220; bezeichnet) fest.<\/p>\n<p><strong>Darstellung<\/strong><\/p>\n<p>Alle auf dieser Website vertretenen Ansichten oder Meinungen spiegeln die Ansichten und Meinungen von Vitalproducts, seinen verbundenen Unternehmen, Inhaltserstellern oder Mitarbeitern wider. Alle Ansichten oder Meinungen sollen keine Religion, ethnische Gruppe, Club, Organisation, Firma oder Einzelperson verleumden.<\/p>\n<p><strong>Inhalt und Beitr\u00e4ge<\/strong><\/p>\n<p>Sie d\u00fcrfen keinen Teil der Website \u00e4ndern, drucken oder kopieren. Die Aufnahme eines Teils dieser Website in ein anderes Werk, sei es in gedruckter oder elektronischer oder anderer Form, oder die Aufnahme eines Teils der Website in eine andere Website durch Einbetten, Framing oder anderweitig ohne ausdr\u00fcckliche Genehmigung von Vitalproducts ist untersagt.<\/p>\n<p>Sie k\u00f6nnen Kommentare zu den auf der Website verf\u00fcgbaren Inhalten abgeben. Indem Sie Vitalproducts Informationen hochladen oder anderweitig zur Verf\u00fcgung stellen, gew\u00e4hren Sie Vitalproducts das uneingeschr\u00e4nkte, unbefristete Recht, die darin enthaltenen Informationen zu verteilen, anzuzeigen, zu ver\u00f6ffentlichen, zu reproduzieren, wiederzuverwenden und zu kopieren. Sie d\u00fcrfen sich \u00fcber die Website nicht als eine andere Person ausgeben. Sie d\u00fcrfen keine Inhalte ver\u00f6ffentlichen, die diffamierend, betr\u00fcgerisch, obsz\u00f6n, bedrohlich sind, die Datenschutzrechte einer anderen Person verletzen oder anderweitig rechtswidrig sind. Sie d\u00fcrfen keine Inhalte ver\u00f6ffentlichen, die die geistigen Eigentumsrechte anderer Personen oder Organisationen verletzen. Sie d\u00fcrfen keine Inhalte ver\u00f6ffentlichen, die Computerviren oder anderen Code enthalten, der dazu bestimmt ist, die Funktionsf\u00e4higkeit von Computersoftware oder -hardware zu st\u00f6ren, zu besch\u00e4digen oder einzuschr\u00e4nken.<\/p>\n<p><strong>Verg\u00fctung<\/strong><\/p>\n<p>Diese Website akzeptiert Formen von Werbung, Sponsoring, bezahlten Anzeigen oder anderen Formen der Verg\u00fctung. Vitalproducts wird daf\u00fcr verg\u00fctet, Meinungen zu Produkten, Dienstleistungen, Websites und verschiedenen anderen Themen abzugeben. Auch wenn Vitalproducts eine Verg\u00fctung f\u00fcr unsere Posts oder Werbung erh\u00e4lt, geben wir immer unsere ehrlichen Meinungen, Erkenntnisse, \u00dcberzeugungen oder Erfahrungen zu diesen Themen oder Produkten wieder. Die auf der Website ge\u00e4u\u00dferten Ansichten und Meinungen stammen ausschlie\u00dflich von Vitalproducts. Alle Produktaussagen, Statistiken, Angebote oder sonstigen Darstellungen zu einem Produkt oder einer Dienstleistung sollten mit dem Hersteller, Anbieter oder der betreffenden Partei \u00fcberpr\u00fcft werden. Gesponserte Inhalte, Werbefl\u00e4chen oder Beitr\u00e4ge k\u00f6nnen nicht immer als bezahlter oder gesponserter Inhalt identifiziert werden.<\/p>\n<p><strong>Schadenersatz und Garantien<\/strong><\/p>\n<p>Obwohl wir alle Anstrengungen unternommen haben, um sicherzustellen, dass die auf der Website enthaltenen Informationen korrekt sind, ist Vitalproducts nicht verantwortlich f\u00fcr Fehler oder Auslassungen oder f\u00fcr die Ergebnisse, die aus der Verwendung dieser Informationen resultieren. Alle Informationen auf der Website werden \u201ewie besehen\u201c bereitgestellt, ohne Gew\u00e4hr f\u00fcr Vollst\u00e4ndigkeit, Richtigkeit, Aktualit\u00e4t oder Ergebnisse aus der Verwendung dieser Informationen und ohne jegliche ausdr\u00fcckliche oder stillschweigende Gew\u00e4hrleistung. In keinem Fall haften Vitalproducts oder seine Partner, Mitarbeiter oder Vertreter Ihnen oder anderen gegen\u00fcber f\u00fcr Entscheidungen oder Ma\u00dfnahmen, die im Vertrauen auf die Informationen auf der Website getroffen wurden, oder f\u00fcr Folgesch\u00e4den, besondere oder \u00e4hnliche Sch\u00e4den, selbst wenn sie darauf hingewiesen werden die M\u00f6glichkeit solcher Sch\u00e4den. Die Informationen auf der Website dienen ausschlie\u00dflich allgemeinen Informationszwecken und dienen nicht der Erteilung von rechtlicher, finanzieller, medizinischer oder sonstiger professioneller Beratung. Bitte holen Sie sich professionelle Hilfe, wenn Sie diese ben\u00f6tigen. Dar\u00fcber hinaus k\u00f6nnen die auf der Website enthaltenen Informationen und alle darauf verlinkten Seiten jederzeit und ohne Vorank\u00fcndigung ge\u00e4ndert werden.<\/p>\n<p>Wir behalten uns das Recht vor, diesen Haftungsausschluss in Bezug auf die Website oder die Dienste jederzeit mit Wirkung zum Zeitpunkt der Ver\u00f6ffentlichung einer aktualisierten Version dieses Haftungsausschlusses auf der Website zu \u00e4ndern. Wenn wir dies tun, senden wir Ihnen eine E-Mail, um Sie zu benachrichtigen. Die fortgesetzte Nutzung der Website nach solchen \u00c4nderungen gilt als Ihre Zustimmung zu solchen \u00c4nderungen.<\/p>\n<p><strong>Annahme dieses Haftungsausschlusses<\/strong><\/p>\n<p>Sie best\u00e4tigen, dass Sie diesen Haftungsausschluss gelesen haben und mit allen seinen Bedingungen einverstanden sind. Durch den Zugriff auf die Website erkl\u00e4ren Sie sich mit diesem Haftungsausschluss einverstanden. Wenn Sie den Bedingungen dieses Haftungsausschlusses nicht zustimmen, sind Sie nicht berechtigt, die Website zu nutzen oder darauf zuzugreifen.<\/p>\n<p><strong>Uns kontaktieren<\/strong><\/p>\n<p>Wenn Sie Fragen zu diesem Haftungsausschluss haben, wenden Sie sich bitte an uns.<\/p>\n<p><em>Dieses Dokument wurde zuletzt im August 2025 aktualisiert.<\/em><\/p>\t\t\t\t\t\t\t\t<\/div>\n\t\t\t\t<\/div>\n\t\t\t\t\t<\/div>\n\t\t<\/div>\n\t\t\t\t\t<\/div>\n\t\t<\/section>\n\t\t\t\t<\/div>\n\t\t","protected":false},"excerpt":{"rendered":"<p>Haftungsausschluss Dieser Haftungsausschluss (\u201eHaftungsausschluss\u201c, \u201eVereinbarung\u201c) ist eine Vereinbarung zwischen Vitalproducts (\u201eVitalproducts\u201c, \u201euns\u201c, \u201ewir\u201c oder \u201eunser\u201c) und Ihnen (\u201eBenutzer\u201c, \u201eSie\u201c oder \u201eIhr\u201c). Dieser Haftungsausschluss legt die allgemeinen Richtlinien und Bedingungen f\u00fcr die Nutzung der vitalproducts.eu-Website und aller VLife-Produkte und -Dienstleistungen (zusammenfassend als &#8222;Website&#8220; oder &#8222;Dienstleistungen&#8220; bezeichnet) fest. Darstellung Alle auf dieser Website vertretenen Ansichten oder Meinungen [&hellip;]<\/p>\n","protected":false},"author":28,"featured_media":0,"parent":0,"menu_order":0,"comment_status":"closed","ping_status":"closed","template":"","meta":{"site-sidebar-layout":"default","site-content-layout":"","ast-site-content-layout":"default","site-content-style":"default","site-sidebar-style":"default","ast-global-header-display":"","ast-banner-title-visibility":"","ast-main-header-display":"","ast-hfb-above-header-display":"","ast-hfb-below-header-display":"","ast-hfb-mobile-header-display":"","site-post-title":"","ast-breadcrumbs-content":"","ast-featured-img":"","footer-sml-layout":"","ast-disable-related-posts":"","theme-transparent-header-meta":"","adv-header-id-meta":"","stick-header-meta":"","header-above-stick-meta":"","header-main-stick-meta":"","header-below-stick-meta":"","astra-migrate-meta-layouts":"default","ast-page-background-enabled":"default","ast-page-background-meta":{"desktop":{"background-color":"var(--ast-global-color-4)","background-image":"","background-repeat":"repeat","background-position":"center center","background-size":"auto","background-attachment":"scroll","background-type":"","background-media":"","overlay-type":"","overlay-color":"","overlay-opacity":"","overlay-gradient":""},"tablet":{"background-color":"","background-image":"","background-repeat":"repeat","background-position":"center center","background-size":"auto","background-attachment":"scroll","background-type":"","background-media":"","overlay-type":"","overlay-color":"","overlay-opacity":"","overlay-gradient":""},"mobile":{"background-color":"","background-image":"","background-repeat":"repeat","background-position":"center center","background-size":"auto","background-attachment":"scroll","background-type":"","background-media":"","overlay-type":"","overlay-color":"","overlay-opacity":"","overlay-gradient":""}},"ast-content-background-meta":{"desktop":{"background-color":"var(--ast-global-color-5)","background-image":"","background-repeat":"repeat","background-position":"center center","background-size":"auto","background-attachment":"scroll","background-type":"","background-media":"","overlay-type":"","overlay-color":"","overlay-opacity":"","overlay-gradient":""},"tablet":{"background-color":"var(--ast-global-color-5)","background-image":"","background-repeat":"repeat","background-position":"center center","background-size":"auto","background-attachment":"scroll","background-type":"","background-media":"","overlay-type":"","overlay-color":"","overlay-opacity":"","overlay-gradient":""},"mobile":{"background-color":"var(--ast-global-color-5)","background-image":"","background-repeat":"repeat","background-position":"center center","background-size":"auto","background-attachment":"scroll","background-type":"","background-media":"","overlay-type":"","overlay-color":"","overlay-opacity":"","overlay-gradient":""}},"_joinchat":[],"footnotes":""},"class_list":["post-18302","page","type-page","status-publish","hentry"],"yoast_head":"<!-- This site is optimized with the Yoast SEO plugin v27.1.1 - https:\/\/yoast.com\/product\/yoast-seo-wordpress\/ -->\n<title>Haftungsausschluss - Vital Products<\/title>\n<meta name=\"robots\" content=\"index, follow, max-snippet:-1, max-image-preview:large, max-video-preview:-1\" \/>\n<link rel=\"canonical\" href=\"https:\/\/vitalproducts.eu\/de\/haftungsausschluss\/\" \/>\n<meta property=\"og:locale\" content=\"de_DE\" \/>\n<meta property=\"og:type\" content=\"article\" \/>\n<meta property=\"og:title\" content=\"Haftungsausschluss - Vital Products\" \/>\n<meta property=\"og:description\" content=\"Haftungsausschluss Dieser Haftungsausschluss (\u201eHaftungsausschluss\u201c, \u201eVereinbarung\u201c) ist eine Vereinbarung zwischen Vitalproducts (\u201eVitalproducts\u201c, \u201euns\u201c, \u201ewir\u201c oder \u201eunser\u201c) und Ihnen (\u201eBenutzer\u201c, \u201eSie\u201c oder \u201eIhr\u201c). Dieser Haftungsausschluss legt die allgemeinen Richtlinien und Bedingungen f\u00fcr die Nutzung der vitalproducts.eu-Website und aller VLife-Produkte und -Dienstleistungen (zusammenfassend als &#8222;Website&#8220; oder &#8222;Dienstleistungen&#8220; bezeichnet) fest. Darstellung Alle auf dieser Website vertretenen Ansichten oder Meinungen [&hellip;]\" \/>\n<meta property=\"og:url\" content=\"https:\/\/vitalproducts.eu\/de\/haftungsausschluss\/\" \/>\n<meta property=\"og:site_name\" content=\"Vital Products\" \/>\n<meta property=\"article:modified_time\" content=\"2025-08-25T21:17:21+00:00\" \/>\n<meta name=\"twitter:card\" content=\"summary_large_image\" \/>\n<meta name=\"twitter:label1\" content=\"Gesch\u00e4tzte Lesezeit\" \/>\n\t<meta name=\"twitter:data1\" content=\"4\u00a0Minuten\" \/>\n<script type=\"application\/ld+json\" class=\"yoast-schema-graph\">{\"@context\":\"https:\/\/schema.org\",\"@graph\":[{\"@type\":\"WebPage\",\"@id\":\"https:\/\/vitalproducts.eu\/de\/haftungsausschluss\/\",\"url\":\"https:\/\/vitalproducts.eu\/de\/haftungsausschluss\/\",\"name\":\"Haftungsausschluss - Vital Products\",\"isPartOf\":{\"@id\":\"http:\/\/172.26.5.218\/#website\"},\"datePublished\":\"2023-10-10T13:02:31+00:00\",\"dateModified\":\"2025-08-25T21:17:21+00:00\",\"breadcrumb\":{\"@id\":\"https:\/\/vitalproducts.eu\/de\/haftungsausschluss\/#breadcrumb\"},\"inLanguage\":\"de\",\"potentialAction\":[{\"@type\":\"ReadAction\",\"target\":[\"https:\/\/vitalproducts.eu\/de\/haftungsausschluss\/\"]}]},{\"@type\":\"BreadcrumbList\",\"@id\":\"https:\/\/vitalproducts.eu\/de\/haftungsausschluss\/#breadcrumb\",\"itemListElement\":[{\"@type\":\"ListItem\",\"position\":1,\"name\":\"Home\",\"item\":\"https:\/\/www.vitalproducts.eu\/de\/\"},{\"@type\":\"ListItem\",\"position\":2,\"name\":\"Haftungsausschluss\"}]},{\"@type\":\"WebSite\",\"@id\":\"http:\/\/172.26.5.218\/#website\",\"url\":\"http:\/\/172.26.5.218\/\",\"name\":\"Vital Products\",\"description\":\"\",\"potentialAction\":[{\"@type\":\"SearchAction\",\"target\":{\"@type\":\"EntryPoint\",\"urlTemplate\":\"http:\/\/172.26.5.218\/?s={search_term_string}\"},\"query-input\":{\"@type\":\"PropertyValueSpecification\",\"valueRequired\":true,\"valueName\":\"search_term_string\"}}],\"inLanguage\":\"de\"}]}<\/script>\n<!-- \/ Yoast SEO plugin. -->","yoast_head_json":{"title":"Haftungsausschluss - Vital Products","robots":{"index":"index","follow":"follow","max-snippet":"max-snippet:-1","max-image-preview":"max-image-preview:large","max-video-preview":"max-video-preview:-1"},"canonical":"https:\/\/vitalproducts.eu\/de\/haftungsausschluss\/","og_locale":"de_DE","og_type":"article","og_title":"Haftungsausschluss - Vital Products","og_description":"Haftungsausschluss Dieser Haftungsausschluss (\u201eHaftungsausschluss\u201c, \u201eVereinbarung\u201c) ist eine Vereinbarung zwischen Vitalproducts (\u201eVitalproducts\u201c, \u201euns\u201c, \u201ewir\u201c oder \u201eunser\u201c) und Ihnen (\u201eBenutzer\u201c, \u201eSie\u201c oder \u201eIhr\u201c). Dieser Haftungsausschluss legt die allgemeinen Richtlinien und Bedingungen f\u00fcr die Nutzung der vitalproducts.eu-Website und aller VLife-Produkte und -Dienstleistungen (zusammenfassend als &#8222;Website&#8220; oder &#8222;Dienstleistungen&#8220; bezeichnet) fest. Darstellung Alle auf dieser Website vertretenen Ansichten oder Meinungen [&hellip;]","og_url":"https:\/\/vitalproducts.eu\/de\/haftungsausschluss\/","og_site_name":"Vital Products","article_modified_time":"2025-08-25T21:17:21+00:00","twitter_card":"summary_large_image","twitter_misc":{"Gesch\u00e4tzte Lesezeit":"4\u00a0Minuten"},"schema":{"@context":"https:\/\/schema.org","@graph":[{"@type":"WebPage","@id":"https:\/\/vitalproducts.eu\/de\/haftungsausschluss\/","url":"https:\/\/vitalproducts.eu\/de\/haftungsausschluss\/","name":"Haftungsausschluss - Vital Products","isPartOf":{"@id":"http:\/\/172.26.5.218\/#website"},"datePublished":"2023-10-10T13:02:31+00:00","dateModified":"2025-08-25T21:17:21+00:00","breadcrumb":{"@id":"https:\/\/vitalproducts.eu\/de\/haftungsausschluss\/#breadcrumb"},"inLanguage":"de","potentialAction":[{"@type":"ReadAction","target":["https:\/\/vitalproducts.eu\/de\/haftungsausschluss\/"]}]},{"@type":"BreadcrumbList","@id":"https:\/\/vitalproducts.eu\/de\/haftungsausschluss\/#breadcrumb","itemListElement":[{"@type":"ListItem","position":1,"name":"Home","item":"https:\/\/www.vitalproducts.eu\/de\/"},{"@type":"ListItem","position":2,"name":"Haftungsausschluss"}]},{"@type":"WebSite","@id":"http:\/\/172.26.5.218\/#website","url":"http:\/\/172.26.5.218\/","name":"Vital Products","description":"","potentialAction":[{"@type":"SearchAction","target":{"@type":"EntryPoint","urlTemplate":"http:\/\/172.26.5.218\/?s={search_term_string}"},"query-input":{"@type":"PropertyValueSpecification","valueRequired":true,"valueName":"search_term_string"}}],"inLanguage":"de"}]}},"_links":{"self":[{"href":"https:\/\/vitalproducts.eu\/de\/wp-json\/wp\/v2\/pages\/18302","targetHints":{"allow":["GET"]}}],"collection":[{"href":"https:\/\/vitalproducts.eu\/de\/wp-json\/wp\/v2\/pages"}],"about":[{"href":"https:\/\/vitalproducts.eu\/de\/wp-json\/wp\/v2\/types\/page"}],"author":[{"embeddable":true,"href":"https:\/\/vitalproducts.eu\/de\/wp-json\/wp\/v2\/users\/28"}],"replies":[{"embeddable":true,"href":"https:\/\/vitalproducts.eu\/de\/wp-json\/wp\/v2\/comments?post=18302"}],"version-history":[{"count":0,"href":"https:\/\/vitalproducts.eu\/de\/wp-json\/wp\/v2\/pages\/18302\/revisions"}],"wp:attachment":[{"href":"https:\/\/vitalproducts.eu\/de\/wp-json\/wp\/v2\/media?parent=18302"}],"curies":[{"name":"wp","href":"https:\/\/api.w.org\/{rel}","templated":true}]}}