{"id":18605,"date":"2023-08-17T10:22:23","date_gmt":"2023-10-10T18:50:14","guid":{"rendered":"https:\/\/www.vitalproducts.eu\/product\/vlife-xtreme-sports-workout-40\/"},"modified":"2024-12-10T23:31:40","modified_gmt":"2024-12-10T22:31:40","slug":"extrem-sport-workout-40","status":"publish","type":"product","link":"https:\/\/vitalproducts.eu\/de\/product\/extrem-sport-workout-40\/","title":{"rendered":"VLife Xtreme Sports Workout 40+"},"content":{"rendered":"<p>Mit hervorragender Sorgfalt formuliert, um die Gesundheit Ihres K\u00f6rpers und Ihrer Muskeln zu f\u00f6rdern. Sie kann Ihrem K\u00f6rper besondere Pflege zukommen lassen, um den nat\u00fcrlichen Heilungsprozess des K\u00f6rpers zu unterst\u00fctzen:<\/p>\n<ul>\n<li><strong>St\u00e4rkere Ausdauer<\/strong><\/li>\n<li><strong>Gesunde Gelenke und Sehnen<\/strong><\/li>\n<li><strong>Muskelaufbau<\/strong><\/li>\n<li><strong>Erholung der Muskeln<\/strong><\/li>\n<li><strong>Gesunder Kreislauf<\/strong><\/li>\n<li><strong>Allgemeine Stoffwechselgesundheit.<\/strong><\/li>\n<\/ul>\n","protected":false},"excerpt":{"rendered":"<p>Mit hervorragender Sorgfalt formuliert, um die Gesundheit Ihres K\u00f6rpers und Ihrer Muskeln zu f\u00f6rdern. Sie kann Ihrem K\u00f6rper besondere Pflege zukommen lassen, um den nat\u00fcrlichen Heilungsprozess des K\u00f6rpers zu unterst\u00fctzen: St\u00e4rkere Ausdauer Gesunde Gelenke und Sehnen Muskelaufbau Erholung der Muskeln Gesunder Kreislauf Allgemeine Stoffwechselgesundheit.<\/p>\n","protected":false},"featured_media":16463,"comment_status":"open","ping_status":"closed","template":"","meta":{"site-sidebar-layout":"default","site-content-layout":"default","ast-site-content-layout":"default","site-content-style":"default","site-sidebar-style":"default","ast-global-header-display":"","ast-banner-title-visibility":"","ast-main-header-display":"","ast-hfb-above-header-display":"","ast-hfb-below-header-display":"","ast-hfb-mobile-header-display":"","site-post-title":"","ast-breadcrumbs-content":"","ast-featured-img":"","footer-sml-layout":"","ast-disable-related-posts":"","theme-transparent-header-meta":"default","adv-header-id-meta":"","stick-header-meta":"","header-above-stick-meta":"","header-main-stick-meta":"","header-below-stick-meta":"","astra-migrate-meta-layouts":"set","ast-page-background-enabled":"default","ast-page-background-meta":{"desktop":{"background-color":"var(--ast-global-color-4)","background-image":"","background-repeat":"repeat","background-position":"center center","background-size":"auto","background-attachment":"scroll","background-type":"","background-media":"","overlay-type":"","overlay-color":"","overlay-opacity":"","overlay-gradient":""},"tablet":{"background-color":"","background-image":"","background-repeat":"repeat","background-position":"center center","background-size":"auto","background-attachment":"scroll","background-type":"","background-media":"","overlay-type":"","overlay-color":"","overlay-opacity":"","overlay-gradient":""},"mobile":{"background-color":"","background-image":"","background-repeat":"repeat","background-position":"center center","background-size":"auto","background-attachment":"scroll","background-type":"","background-media":"","overlay-type":"","overlay-color":"","overlay-opacity":"","overlay-gradient":""}},"ast-content-background-meta":{"desktop":{"background-color":"var(--ast-global-color-5)","background-image":"","background-repeat":"repeat","background-position":"center center","background-size":"auto","background-attachment":"scroll","background-type":"","background-media":"","overlay-type":"","overlay-color":"","overlay-opacity":"","overlay-gradient":""},"tablet":{"background-color":"var(--ast-global-color-5)","background-image":"","background-repeat":"repeat","background-position":"center center","background-size":"auto","background-attachment":"scroll","background-type":"","background-media":"","overlay-type":"","overlay-color":"","overlay-opacity":"","overlay-gradient":""},"mobile":{"background-color":"var(--ast-global-color-5)","background-image":"","background-repeat":"repeat","background-position":"center center","background-size":"auto","background-attachment":"scroll","background-type":"","background-media":"","overlay-type":"","overlay-color":"","overlay-opacity":"","overlay-gradient":""}},"_joinchat":[]},"product_brand":[],"product_cat":[191,194,192],"product_tag":[],"class_list":{"0":"post-18605","1":"product","2":"type-product","3":"status-publish","4":"has-post-thumbnail","6":"product_cat-alle-vital-produkte","7":"product_cat-probiotika-sport","8":"product_cat-probiotika-familie","9":"has-subscription-plans","10":"desktop-align-left","11":"tablet-align-left","12":"mobile-align-left","14":"first","15":"instock","16":"taxable","17":"shipping-taxable","18":"purchasable","19":"product-type-simple"},"yoast_head":"<!-- This site is optimized with the Yoast SEO plugin v27.1.1 - https:\/\/yoast.com\/product\/yoast-seo-wordpress\/ -->\n<title>VLife Xtreme Sports Workout 40+ - Vital Products<\/title>\n<meta name=\"description\" content=\"Unser neues, fortschrittliches Xtreme Sports Workout 40+ kann Ihrem K\u00f6rper besondere Pflege zukommen lassen, um den nat\u00fcrlichen Heilungsprozess des K\u00f6rpers zu unterst\u00fctzen. Mit hervorragender Sorgfalt formuliert, um die Gesundheit Ihres K\u00f6rpers und Ihrer Muskeln zu f\u00f6rdern: St\u00e4rkere Ausdauer - Gesunde Gelenke und Sehnen - Gesunde Durchblutung - Allgemeine metabolische Gesundheit\" \/>\n<meta name=\"robots\" content=\"index, follow, max-snippet:-1, max-image-preview:large, max-video-preview:-1\" \/>\n<link rel=\"canonical\" href=\"https:\/\/vitalproducts.eu\/de\/product\/extrem-sport-workout-40\/\" \/>\n<meta property=\"og:locale\" content=\"de_DE\" \/>\n<meta property=\"og:type\" content=\"article\" \/>\n<meta property=\"og:title\" content=\"VLife Xtreme Sports Workout 40+ - Vital Products\" \/>\n<meta property=\"og:description\" content=\"Unser neues, fortschrittliches Xtreme Sports Workout 40+ kann Ihrem K\u00f6rper besondere Pflege zukommen lassen, um den nat\u00fcrlichen Heilungsprozess des K\u00f6rpers zu unterst\u00fctzen. Mit hervorragender Sorgfalt formuliert, um die Gesundheit Ihres K\u00f6rpers und Ihrer Muskeln zu f\u00f6rdern: St\u00e4rkere Ausdauer - Gesunde Gelenke und Sehnen - Gesunde Durchblutung - Allgemeine metabolische Gesundheit\" \/>\n<meta property=\"og:url\" content=\"https:\/\/vitalproducts.eu\/de\/product\/extrem-sport-workout-40\/\" \/>\n<meta property=\"og:site_name\" content=\"Vital Products\" \/>\n<meta property=\"article:modified_time\" content=\"2024-12-10T22:31:40+00:00\" \/>\n<meta property=\"og:image\" content=\"https:\/\/vitalproducts.eu\/..\/..\/..\/bitnami\/wordpress\/wp-content\/uploads\/2023\/09\/64f6de860e825.png\" \/>\n\t<meta property=\"og:image:width\" content=\"1280\" \/>\n\t<meta property=\"og:image:height\" content=\"960\" \/>\n\t<meta property=\"og:image:type\" content=\"image\/png\" \/>\n<meta name=\"twitter:card\" content=\"summary_large_image\" \/>\n<meta name=\"twitter:label1\" content=\"Gesch\u00e4tzte Lesezeit\" \/>\n\t<meta name=\"twitter:data1\" content=\"1\u00a0Minute\" \/>\n<script type=\"application\/ld+json\" class=\"yoast-schema-graph\">{\"@context\":\"https:\/\/schema.org\",\"@graph\":[{\"@type\":\"WebPage\",\"@id\":\"https:\/\/vitalproducts.eu\/de\/product\/extrem-sport-workout-40\/\",\"url\":\"https:\/\/vitalproducts.eu\/de\/product\/extrem-sport-workout-40\/\",\"name\":\"VLife Xtreme Sports Workout 40+ - Vital Products\",\"isPartOf\":{\"@id\":\"http:\/\/172.26.5.218\/#website\"},\"primaryImageOfPage\":{\"@id\":\"https:\/\/vitalproducts.eu\/de\/product\/extrem-sport-workout-40\/#primaryimage\"},\"image\":{\"@id\":\"https:\/\/vitalproducts.eu\/de\/product\/extrem-sport-workout-40\/#primaryimage\"},\"thumbnailUrl\":\"https:\/\/vitalproducts.eu\/..\/..\/..\/bitnami\/wordpress\/wp-content\/uploads\/2023\/09\/64f6de860e825.png\",\"datePublished\":\"2023-10-10T18:50:14+00:00\",\"dateModified\":\"2024-12-10T22:31:40+00:00\",\"description\":\"Unser neues, fortschrittliches Xtreme Sports Workout 40+ kann Ihrem K\u00f6rper besondere Pflege zukommen lassen, um den nat\u00fcrlichen Heilungsprozess des K\u00f6rpers zu unterst\u00fctzen. Mit hervorragender Sorgfalt formuliert, um die Gesundheit Ihres K\u00f6rpers und Ihrer Muskeln zu f\u00f6rdern: St\u00e4rkere Ausdauer - Gesunde Gelenke und Sehnen - Gesunde Durchblutung - Allgemeine metabolische Gesundheit\",\"breadcrumb\":{\"@id\":\"https:\/\/vitalproducts.eu\/de\/product\/extrem-sport-workout-40\/#breadcrumb\"},\"inLanguage\":\"de\",\"potentialAction\":[{\"@type\":\"ReadAction\",\"target\":[\"https:\/\/vitalproducts.eu\/de\/product\/extrem-sport-workout-40\/\"]}]},{\"@type\":\"ImageObject\",\"inLanguage\":\"de\",\"@id\":\"https:\/\/vitalproducts.eu\/de\/product\/extrem-sport-workout-40\/#primaryimage\",\"url\":\"https:\/\/vitalproducts.eu\/..\/..\/..\/bitnami\/wordpress\/wp-content\/uploads\/2023\/09\/64f6de860e825.png\",\"contentUrl\":\"https:\/\/vitalproducts.eu\/..\/..\/..\/bitnami\/wordpress\/wp-content\/uploads\/2023\/09\/64f6de860e825.png\",\"width\":1280,\"height\":960},{\"@type\":\"BreadcrumbList\",\"@id\":\"https:\/\/vitalproducts.eu\/de\/product\/extrem-sport-workout-40\/#breadcrumb\",\"itemListElement\":[{\"@type\":\"ListItem\",\"position\":1,\"name\":\"Home\",\"item\":\"https:\/\/www.vitalproducts.nl\/de\/\"},{\"@type\":\"ListItem\",\"position\":2,\"name\":\"Shop\",\"item\":\"https:\/\/vitalproducts.nl\/de\/shop\/\"},{\"@type\":\"ListItem\",\"position\":3,\"name\":\"VLife Xtreme Sports Workout 40+\"}]},{\"@type\":\"WebSite\",\"@id\":\"http:\/\/172.26.5.218\/#website\",\"url\":\"http:\/\/172.26.5.218\/\",\"name\":\"Vital Products\",\"description\":\"\",\"potentialAction\":[{\"@type\":\"SearchAction\",\"target\":{\"@type\":\"EntryPoint\",\"urlTemplate\":\"http:\/\/172.26.5.218\/?s={search_term_string}\"},\"query-input\":{\"@type\":\"PropertyValueSpecification\",\"valueRequired\":true,\"valueName\":\"search_term_string\"}}],\"inLanguage\":\"de\"}]}<\/script>\n<!-- \/ Yoast SEO plugin. -->","yoast_head_json":{"title":"VLife Xtreme Sports Workout 40+ - Vital Products","description":"Unser neues, fortschrittliches Xtreme Sports Workout 40+ kann Ihrem K\u00f6rper besondere Pflege zukommen lassen, um den nat\u00fcrlichen Heilungsprozess des K\u00f6rpers zu unterst\u00fctzen. Mit hervorragender Sorgfalt formuliert, um die Gesundheit Ihres K\u00f6rpers und Ihrer Muskeln zu f\u00f6rdern: St\u00e4rkere Ausdauer - Gesunde Gelenke und Sehnen - Gesunde Durchblutung - Allgemeine metabolische Gesundheit","robots":{"index":"index","follow":"follow","max-snippet":"max-snippet:-1","max-image-preview":"max-image-preview:large","max-video-preview":"max-video-preview:-1"},"canonical":"https:\/\/vitalproducts.eu\/de\/product\/extrem-sport-workout-40\/","og_locale":"de_DE","og_type":"article","og_title":"VLife Xtreme Sports Workout 40+ - Vital Products","og_description":"Unser neues, fortschrittliches Xtreme Sports Workout 40+ kann Ihrem K\u00f6rper besondere Pflege zukommen lassen, um den nat\u00fcrlichen Heilungsprozess des K\u00f6rpers zu unterst\u00fctzen. Mit hervorragender Sorgfalt formuliert, um die Gesundheit Ihres K\u00f6rpers und Ihrer Muskeln zu f\u00f6rdern: St\u00e4rkere Ausdauer - Gesunde Gelenke und Sehnen - Gesunde Durchblutung - Allgemeine metabolische Gesundheit","og_url":"https:\/\/vitalproducts.eu\/de\/product\/extrem-sport-workout-40\/","og_site_name":"Vital Products","article_modified_time":"2024-12-10T22:31:40+00:00","og_image":[{"width":1280,"height":960,"url":"https:\/\/vitalproducts.eu\/..\/..\/..\/bitnami\/wordpress\/wp-content\/uploads\/2023\/09\/64f6de860e825.png","type":"image\/png"}],"twitter_card":"summary_large_image","twitter_misc":{"Gesch\u00e4tzte Lesezeit":"1\u00a0Minute"},"schema":{"@context":"https:\/\/schema.org","@graph":[{"@type":"WebPage","@id":"https:\/\/vitalproducts.eu\/de\/product\/extrem-sport-workout-40\/","url":"https:\/\/vitalproducts.eu\/de\/product\/extrem-sport-workout-40\/","name":"VLife Xtreme Sports Workout 40+ - Vital Products","isPartOf":{"@id":"http:\/\/172.26.5.218\/#website"},"primaryImageOfPage":{"@id":"https:\/\/vitalproducts.eu\/de\/product\/extrem-sport-workout-40\/#primaryimage"},"image":{"@id":"https:\/\/vitalproducts.eu\/de\/product\/extrem-sport-workout-40\/#primaryimage"},"thumbnailUrl":"https:\/\/vitalproducts.eu\/..\/..\/..\/bitnami\/wordpress\/wp-content\/uploads\/2023\/09\/64f6de860e825.png","datePublished":"2023-10-10T18:50:14+00:00","dateModified":"2024-12-10T22:31:40+00:00","description":"Unser neues, fortschrittliches Xtreme Sports Workout 40+ kann Ihrem K\u00f6rper besondere Pflege zukommen lassen, um den nat\u00fcrlichen Heilungsprozess des K\u00f6rpers zu unterst\u00fctzen. Mit hervorragender Sorgfalt formuliert, um die Gesundheit Ihres K\u00f6rpers und Ihrer Muskeln zu f\u00f6rdern: St\u00e4rkere Ausdauer - Gesunde Gelenke und Sehnen - Gesunde Durchblutung - Allgemeine metabolische Gesundheit","breadcrumb":{"@id":"https:\/\/vitalproducts.eu\/de\/product\/extrem-sport-workout-40\/#breadcrumb"},"inLanguage":"de","potentialAction":[{"@type":"ReadAction","target":["https:\/\/vitalproducts.eu\/de\/product\/extrem-sport-workout-40\/"]}]},{"@type":"ImageObject","inLanguage":"de","@id":"https:\/\/vitalproducts.eu\/de\/product\/extrem-sport-workout-40\/#primaryimage","url":"https:\/\/vitalproducts.eu\/..\/..\/..\/bitnami\/wordpress\/wp-content\/uploads\/2023\/09\/64f6de860e825.png","contentUrl":"https:\/\/vitalproducts.eu\/..\/..\/..\/bitnami\/wordpress\/wp-content\/uploads\/2023\/09\/64f6de860e825.png","width":1280,"height":960},{"@type":"BreadcrumbList","@id":"https:\/\/vitalproducts.eu\/de\/product\/extrem-sport-workout-40\/#breadcrumb","itemListElement":[{"@type":"ListItem","position":1,"name":"Home","item":"https:\/\/www.vitalproducts.nl\/de\/"},{"@type":"ListItem","position":2,"name":"Shop","item":"https:\/\/vitalproducts.nl\/de\/shop\/"},{"@type":"ListItem","position":3,"name":"VLife Xtreme Sports Workout 40+"}]},{"@type":"WebSite","@id":"http:\/\/172.26.5.218\/#website","url":"http:\/\/172.26.5.218\/","name":"Vital Products","description":"","potentialAction":[{"@type":"SearchAction","target":{"@type":"EntryPoint","urlTemplate":"http:\/\/172.26.5.218\/?s={search_term_string}"},"query-input":{"@type":"PropertyValueSpecification","valueRequired":true,"valueName":"search_term_string"}}],"inLanguage":"de"}]}},"_links":{"self":[{"href":"https:\/\/vitalproducts.eu\/de\/wp-json\/wp\/v2\/product\/18605","targetHints":{"allow":["GET"]}}],"collection":[{"href":"https:\/\/vitalproducts.eu\/de\/wp-json\/wp\/v2\/product"}],"about":[{"href":"https:\/\/vitalproducts.eu\/de\/wp-json\/wp\/v2\/types\/product"}],"replies":[{"embeddable":true,"href":"https:\/\/vitalproducts.eu\/de\/wp-json\/wp\/v2\/comments?post=18605"}],"wp:featuredmedia":[{"embeddable":true,"href":"https:\/\/vitalproducts.eu\/de\/wp-json\/wp\/v2\/media\/16463"}],"wp:attachment":[{"href":"https:\/\/vitalproducts.eu\/de\/wp-json\/wp\/v2\/media?parent=18605"}],"wp:term":[{"taxonomy":"product_brand","embeddable":true,"href":"https:\/\/vitalproducts.eu\/de\/wp-json\/wp\/v2\/product_brand?post=18605"},{"taxonomy":"product_cat","embeddable":true,"href":"https:\/\/vitalproducts.eu\/de\/wp-json\/wp\/v2\/product_cat?post=18605"},{"taxonomy":"product_tag","embeddable":true,"href":"https:\/\/vitalproducts.eu\/de\/wp-json\/wp\/v2\/product_tag?post=18605"}],"curies":[{"name":"wp","href":"https:\/\/api.w.org\/{rel}","templated":true}]}}