{"id":18620,"date":"2023-08-11T12:40:06","date_gmt":"2023-10-10T18:50:54","guid":{"rendered":"https:\/\/www.vitalproducts.eu\/product\/vlife-immune-health-plus-60\/"},"modified":"2025-04-22T14:34:37","modified_gmt":"2025-04-22T12:34:37","slug":"immun-gesundheit-senior-60","status":"publish","type":"product","link":"https:\/\/vitalproducts.eu\/de\/product\/immun-gesundheit-senior-60\/","title":{"rendered":"VLife Immune Health Plus 60+"},"content":{"rendered":"<p>Formuliert, um die Gesundheit des Mikrobioms und des Immunsystems zu verbessern. Diese probiotischen St\u00e4mme sind einzigartig mit Enzymen und pr\u00e4biotischen Fasern kombiniert, um eine gesunde und ausgewogene Darmflora zu schaffen und zu unterst\u00fctzen:<\/p>\n<ul>\n<li><strong>Magen-Darm-Trakt<\/strong><\/li>\n<li><strong>Bek\u00e4mpfung von Infektionen<\/strong><\/li>\n<li><strong>Unterst\u00fctzung des Immunsystems<\/strong><\/li>\n<li><strong>Gleichgewicht der Mikroflora<\/strong><\/li>\n<li><strong>Darmmilieu<\/strong><\/li>\n<li><strong>Motilit\u00e4t<\/strong><\/li>\n<li><strong>Allgemeine Gesundheit des Dickdarms<\/strong><\/li>\n<li><strong>Absorption.<\/strong><\/li>\n<\/ul>\n","protected":false},"excerpt":{"rendered":"<p>Formuliert, um die Gesundheit des Mikrobioms und des Immunsystems zu verbessern. Diese probiotischen St\u00e4mme sind einzigartig mit Enzymen und pr\u00e4biotischen Fasern kombiniert, um eine gesunde und ausgewogene Darmflora zu schaffen und zu unterst\u00fctzen: Magen-Darm-Trakt Bek\u00e4mpfung von Infektionen Unterst\u00fctzung des Immunsystems Gleichgewicht der Mikroflora Darmmilieu Motilit\u00e4t Allgemeine Gesundheit des Dickdarms Absorption.<\/p>\n","protected":false},"featured_media":16482,"comment_status":"open","ping_status":"closed","template":"","meta":{"site-sidebar-layout":"default","site-content-layout":"default","ast-site-content-layout":"default","site-content-style":"default","site-sidebar-style":"default","ast-global-header-display":"","ast-banner-title-visibility":"","ast-main-header-display":"","ast-hfb-above-header-display":"","ast-hfb-below-header-display":"","ast-hfb-mobile-header-display":"","site-post-title":"","ast-breadcrumbs-content":"","ast-featured-img":"","footer-sml-layout":"","ast-disable-related-posts":"","theme-transparent-header-meta":"default","adv-header-id-meta":"","stick-header-meta":"","header-above-stick-meta":"","header-main-stick-meta":"","header-below-stick-meta":"","astra-migrate-meta-layouts":"set","ast-page-background-enabled":"default","ast-page-background-meta":{"desktop":{"background-color":"var(--ast-global-color-4)","background-image":"","background-repeat":"repeat","background-position":"center center","background-size":"auto","background-attachment":"scroll","background-type":"","background-media":"","overlay-type":"","overlay-color":"","overlay-opacity":"","overlay-gradient":""},"tablet":{"background-color":"","background-image":"","background-repeat":"repeat","background-position":"center center","background-size":"auto","background-attachment":"scroll","background-type":"","background-media":"","overlay-type":"","overlay-color":"","overlay-opacity":"","overlay-gradient":""},"mobile":{"background-color":"","background-image":"","background-repeat":"repeat","background-position":"center center","background-size":"auto","background-attachment":"scroll","background-type":"","background-media":"","overlay-type":"","overlay-color":"","overlay-opacity":"","overlay-gradient":""}},"ast-content-background-meta":{"desktop":{"background-color":"var(--ast-global-color-5)","background-image":"","background-repeat":"repeat","background-position":"center center","background-size":"auto","background-attachment":"scroll","background-type":"","background-media":"","overlay-type":"","overlay-color":"","overlay-opacity":"","overlay-gradient":""},"tablet":{"background-color":"var(--ast-global-color-5)","background-image":"","background-repeat":"repeat","background-position":"center center","background-size":"auto","background-attachment":"scroll","background-type":"","background-media":"","overlay-type":"","overlay-color":"","overlay-opacity":"","overlay-gradient":""},"mobile":{"background-color":"var(--ast-global-color-5)","background-image":"","background-repeat":"repeat","background-position":"center center","background-size":"auto","background-attachment":"scroll","background-type":"","background-media":"","overlay-type":"","overlay-color":"","overlay-opacity":"","overlay-gradient":""}},"_joinchat":[]},"product_brand":[],"product_cat":[191,193,192],"product_tag":[],"class_list":{"0":"post-18620","1":"product","2":"type-product","3":"status-publish","4":"has-post-thumbnail","6":"product_cat-alle-vital-produkte","7":"product_cat-probiotika-alterung","8":"product_cat-probiotika-familie","9":"has-subscription-plans","10":"desktop-align-left","11":"tablet-align-left","12":"mobile-align-left","14":"first","15":"instock","16":"taxable","17":"shipping-taxable","18":"purchasable","19":"product-type-simple"},"yoast_head":"<!-- This site is optimized with the Yoast SEO plugin v27.1.1 - https:\/\/yoast.com\/product\/yoast-seo-wordpress\/ -->\n<title>VLife Immune Health Plus 60+ - Vital Products<\/title>\n<meta name=\"description\" content=\"Unser neues, fortschrittliches Immune Health Plus 60+ ist eine revolution\u00e4re Mischung aus Probiotika, Pr\u00e4biotika und Enzymen, die die Gesundheit des Mikrobioms und des Immunsystems verbessern soll. Diese probiotischen St\u00e4mme sind einzigartig mit Enzymen und pr\u00e4biotischen Fasern kombiniert, um eine gesunde und ausgewogene Darmflora zu schaffen und zu unterst\u00fctzen: Gastrointestinaltrakt - Abbau von Zellw\u00e4nden opportunistischer Organismen - Unterst\u00fctzung des Immunsystems - Gleichgewicht der Mikroflora - Darmmilieu - Motilit\u00e4t - allgemeine Gesundheit des Dickdarms - Absorption\" \/>\n<meta name=\"robots\" content=\"index, follow, max-snippet:-1, max-image-preview:large, max-video-preview:-1\" \/>\n<link rel=\"canonical\" href=\"https:\/\/vitalproducts.eu\/de\/product\/immun-gesundheit-senior-60\/\" \/>\n<meta property=\"og:locale\" content=\"de_DE\" \/>\n<meta property=\"og:type\" content=\"article\" \/>\n<meta property=\"og:title\" content=\"VLife Immune Health Plus 60+ - Vital Products\" \/>\n<meta property=\"og:description\" content=\"Unser neues, fortschrittliches Immune Health Plus 60+ ist eine revolution\u00e4re Mischung aus Probiotika, Pr\u00e4biotika und Enzymen, die die Gesundheit des Mikrobioms und des Immunsystems verbessern soll. Diese probiotischen St\u00e4mme sind einzigartig mit Enzymen und pr\u00e4biotischen Fasern kombiniert, um eine gesunde und ausgewogene Darmflora zu schaffen und zu unterst\u00fctzen: Gastrointestinaltrakt - Abbau von Zellw\u00e4nden opportunistischer Organismen - Unterst\u00fctzung des Immunsystems - Gleichgewicht der Mikroflora - Darmmilieu - Motilit\u00e4t - allgemeine Gesundheit des Dickdarms - Absorption\" \/>\n<meta property=\"og:url\" content=\"https:\/\/vitalproducts.eu\/de\/product\/immun-gesundheit-senior-60\/\" \/>\n<meta property=\"og:site_name\" content=\"Vital Products\" \/>\n<meta property=\"article:modified_time\" content=\"2025-04-22T12:34:37+00:00\" \/>\n<meta property=\"og:image\" content=\"https:\/\/vitalproducts.eu\/..\/..\/..\/bitnami\/wordpress\/wp-content\/uploads\/2023\/09\/64f6dfd4369a2.png\" \/>\n\t<meta property=\"og:image:width\" content=\"1280\" \/>\n\t<meta property=\"og:image:height\" content=\"960\" \/>\n\t<meta property=\"og:image:type\" content=\"image\/png\" \/>\n<meta name=\"twitter:card\" content=\"summary_large_image\" \/>\n<meta name=\"twitter:label1\" content=\"Gesch\u00e4tzte Lesezeit\" \/>\n\t<meta name=\"twitter:data1\" content=\"1\u00a0Minute\" \/>\n<script type=\"application\/ld+json\" class=\"yoast-schema-graph\">{\"@context\":\"https:\/\/schema.org\",\"@graph\":[{\"@type\":\"WebPage\",\"@id\":\"https:\/\/vitalproducts.eu\/de\/product\/immun-gesundheit-senior-60\/\",\"url\":\"https:\/\/vitalproducts.eu\/de\/product\/immun-gesundheit-senior-60\/\",\"name\":\"VLife Immune Health Plus 60+ - Vital Products\",\"isPartOf\":{\"@id\":\"http:\/\/172.26.5.218\/#website\"},\"primaryImageOfPage\":{\"@id\":\"https:\/\/vitalproducts.eu\/de\/product\/immun-gesundheit-senior-60\/#primaryimage\"},\"image\":{\"@id\":\"https:\/\/vitalproducts.eu\/de\/product\/immun-gesundheit-senior-60\/#primaryimage\"},\"thumbnailUrl\":\"https:\/\/vitalproducts.eu\/..\/..\/..\/bitnami\/wordpress\/wp-content\/uploads\/2023\/09\/64f6dfd4369a2.png\",\"datePublished\":\"2023-10-10T18:50:54+00:00\",\"dateModified\":\"2025-04-22T12:34:37+00:00\",\"description\":\"Unser neues, fortschrittliches Immune Health Plus 60+ ist eine revolution\u00e4re Mischung aus Probiotika, Pr\u00e4biotika und Enzymen, die die Gesundheit des Mikrobioms und des Immunsystems verbessern soll. Diese probiotischen St\u00e4mme sind einzigartig mit Enzymen und pr\u00e4biotischen Fasern kombiniert, um eine gesunde und ausgewogene Darmflora zu schaffen und zu unterst\u00fctzen: Gastrointestinaltrakt - Abbau von Zellw\u00e4nden opportunistischer Organismen - Unterst\u00fctzung des Immunsystems - Gleichgewicht der Mikroflora - Darmmilieu - Motilit\u00e4t - allgemeine Gesundheit des Dickdarms - Absorption\",\"breadcrumb\":{\"@id\":\"https:\/\/vitalproducts.eu\/de\/product\/immun-gesundheit-senior-60\/#breadcrumb\"},\"inLanguage\":\"de\",\"potentialAction\":[{\"@type\":\"ReadAction\",\"target\":[\"https:\/\/vitalproducts.eu\/de\/product\/immun-gesundheit-senior-60\/\"]}]},{\"@type\":\"ImageObject\",\"inLanguage\":\"de\",\"@id\":\"https:\/\/vitalproducts.eu\/de\/product\/immun-gesundheit-senior-60\/#primaryimage\",\"url\":\"https:\/\/vitalproducts.eu\/..\/..\/..\/bitnami\/wordpress\/wp-content\/uploads\/2023\/09\/64f6dfd4369a2.png\",\"contentUrl\":\"https:\/\/vitalproducts.eu\/..\/..\/..\/bitnami\/wordpress\/wp-content\/uploads\/2023\/09\/64f6dfd4369a2.png\",\"width\":1280,\"height\":960},{\"@type\":\"BreadcrumbList\",\"@id\":\"https:\/\/vitalproducts.eu\/de\/product\/immun-gesundheit-senior-60\/#breadcrumb\",\"itemListElement\":[{\"@type\":\"ListItem\",\"position\":1,\"name\":\"Home\",\"item\":\"https:\/\/www.vitalproducts.nl\/de\/\"},{\"@type\":\"ListItem\",\"position\":2,\"name\":\"Shop\",\"item\":\"https:\/\/vitalproducts.nl\/de\/shop\/\"},{\"@type\":\"ListItem\",\"position\":3,\"name\":\"VLife Immune Health Plus 60+\"}]},{\"@type\":\"WebSite\",\"@id\":\"http:\/\/172.26.5.218\/#website\",\"url\":\"http:\/\/172.26.5.218\/\",\"name\":\"Vital Products\",\"description\":\"\",\"potentialAction\":[{\"@type\":\"SearchAction\",\"target\":{\"@type\":\"EntryPoint\",\"urlTemplate\":\"http:\/\/172.26.5.218\/?s={search_term_string}\"},\"query-input\":{\"@type\":\"PropertyValueSpecification\",\"valueRequired\":true,\"valueName\":\"search_term_string\"}}],\"inLanguage\":\"de\"}]}<\/script>\n<!-- \/ Yoast SEO plugin. -->","yoast_head_json":{"title":"VLife Immune Health Plus 60+ - Vital Products","description":"Unser neues, fortschrittliches Immune Health Plus 60+ ist eine revolution\u00e4re Mischung aus Probiotika, Pr\u00e4biotika und Enzymen, die die Gesundheit des Mikrobioms und des Immunsystems verbessern soll. Diese probiotischen St\u00e4mme sind einzigartig mit Enzymen und pr\u00e4biotischen Fasern kombiniert, um eine gesunde und ausgewogene Darmflora zu schaffen und zu unterst\u00fctzen: Gastrointestinaltrakt - Abbau von Zellw\u00e4nden opportunistischer Organismen - Unterst\u00fctzung des Immunsystems - Gleichgewicht der Mikroflora - Darmmilieu - Motilit\u00e4t - allgemeine Gesundheit des Dickdarms - Absorption","robots":{"index":"index","follow":"follow","max-snippet":"max-snippet:-1","max-image-preview":"max-image-preview:large","max-video-preview":"max-video-preview:-1"},"canonical":"https:\/\/vitalproducts.eu\/de\/product\/immun-gesundheit-senior-60\/","og_locale":"de_DE","og_type":"article","og_title":"VLife Immune Health Plus 60+ - Vital Products","og_description":"Unser neues, fortschrittliches Immune Health Plus 60+ ist eine revolution\u00e4re Mischung aus Probiotika, Pr\u00e4biotika und Enzymen, die die Gesundheit des Mikrobioms und des Immunsystems verbessern soll. Diese probiotischen St\u00e4mme sind einzigartig mit Enzymen und pr\u00e4biotischen Fasern kombiniert, um eine gesunde und ausgewogene Darmflora zu schaffen und zu unterst\u00fctzen: Gastrointestinaltrakt - Abbau von Zellw\u00e4nden opportunistischer Organismen - Unterst\u00fctzung des Immunsystems - Gleichgewicht der Mikroflora - Darmmilieu - Motilit\u00e4t - allgemeine Gesundheit des Dickdarms - Absorption","og_url":"https:\/\/vitalproducts.eu\/de\/product\/immun-gesundheit-senior-60\/","og_site_name":"Vital Products","article_modified_time":"2025-04-22T12:34:37+00:00","og_image":[{"width":1280,"height":960,"url":"https:\/\/vitalproducts.eu\/..\/..\/..\/bitnami\/wordpress\/wp-content\/uploads\/2023\/09\/64f6dfd4369a2.png","type":"image\/png"}],"twitter_card":"summary_large_image","twitter_misc":{"Gesch\u00e4tzte Lesezeit":"1\u00a0Minute"},"schema":{"@context":"https:\/\/schema.org","@graph":[{"@type":"WebPage","@id":"https:\/\/vitalproducts.eu\/de\/product\/immun-gesundheit-senior-60\/","url":"https:\/\/vitalproducts.eu\/de\/product\/immun-gesundheit-senior-60\/","name":"VLife Immune Health Plus 60+ - Vital Products","isPartOf":{"@id":"http:\/\/172.26.5.218\/#website"},"primaryImageOfPage":{"@id":"https:\/\/vitalproducts.eu\/de\/product\/immun-gesundheit-senior-60\/#primaryimage"},"image":{"@id":"https:\/\/vitalproducts.eu\/de\/product\/immun-gesundheit-senior-60\/#primaryimage"},"thumbnailUrl":"https:\/\/vitalproducts.eu\/..\/..\/..\/bitnami\/wordpress\/wp-content\/uploads\/2023\/09\/64f6dfd4369a2.png","datePublished":"2023-10-10T18:50:54+00:00","dateModified":"2025-04-22T12:34:37+00:00","description":"Unser neues, fortschrittliches Immune Health Plus 60+ ist eine revolution\u00e4re Mischung aus Probiotika, Pr\u00e4biotika und Enzymen, die die Gesundheit des Mikrobioms und des Immunsystems verbessern soll. Diese probiotischen St\u00e4mme sind einzigartig mit Enzymen und pr\u00e4biotischen Fasern kombiniert, um eine gesunde und ausgewogene Darmflora zu schaffen und zu unterst\u00fctzen: Gastrointestinaltrakt - Abbau von Zellw\u00e4nden opportunistischer Organismen - Unterst\u00fctzung des Immunsystems - Gleichgewicht der Mikroflora - Darmmilieu - Motilit\u00e4t - allgemeine Gesundheit des Dickdarms - Absorption","breadcrumb":{"@id":"https:\/\/vitalproducts.eu\/de\/product\/immun-gesundheit-senior-60\/#breadcrumb"},"inLanguage":"de","potentialAction":[{"@type":"ReadAction","target":["https:\/\/vitalproducts.eu\/de\/product\/immun-gesundheit-senior-60\/"]}]},{"@type":"ImageObject","inLanguage":"de","@id":"https:\/\/vitalproducts.eu\/de\/product\/immun-gesundheit-senior-60\/#primaryimage","url":"https:\/\/vitalproducts.eu\/..\/..\/..\/bitnami\/wordpress\/wp-content\/uploads\/2023\/09\/64f6dfd4369a2.png","contentUrl":"https:\/\/vitalproducts.eu\/..\/..\/..\/bitnami\/wordpress\/wp-content\/uploads\/2023\/09\/64f6dfd4369a2.png","width":1280,"height":960},{"@type":"BreadcrumbList","@id":"https:\/\/vitalproducts.eu\/de\/product\/immun-gesundheit-senior-60\/#breadcrumb","itemListElement":[{"@type":"ListItem","position":1,"name":"Home","item":"https:\/\/www.vitalproducts.nl\/de\/"},{"@type":"ListItem","position":2,"name":"Shop","item":"https:\/\/vitalproducts.nl\/de\/shop\/"},{"@type":"ListItem","position":3,"name":"VLife Immune Health Plus 60+"}]},{"@type":"WebSite","@id":"http:\/\/172.26.5.218\/#website","url":"http:\/\/172.26.5.218\/","name":"Vital Products","description":"","potentialAction":[{"@type":"SearchAction","target":{"@type":"EntryPoint","urlTemplate":"http:\/\/172.26.5.218\/?s={search_term_string}"},"query-input":{"@type":"PropertyValueSpecification","valueRequired":true,"valueName":"search_term_string"}}],"inLanguage":"de"}]}},"_links":{"self":[{"href":"https:\/\/vitalproducts.eu\/de\/wp-json\/wp\/v2\/product\/18620","targetHints":{"allow":["GET"]}}],"collection":[{"href":"https:\/\/vitalproducts.eu\/de\/wp-json\/wp\/v2\/product"}],"about":[{"href":"https:\/\/vitalproducts.eu\/de\/wp-json\/wp\/v2\/types\/product"}],"replies":[{"embeddable":true,"href":"https:\/\/vitalproducts.eu\/de\/wp-json\/wp\/v2\/comments?post=18620"}],"wp:featuredmedia":[{"embeddable":true,"href":"https:\/\/vitalproducts.eu\/de\/wp-json\/wp\/v2\/media\/16482"}],"wp:attachment":[{"href":"https:\/\/vitalproducts.eu\/de\/wp-json\/wp\/v2\/media?parent=18620"}],"wp:term":[{"taxonomy":"product_brand","embeddable":true,"href":"https:\/\/vitalproducts.eu\/de\/wp-json\/wp\/v2\/product_brand?post=18620"},{"taxonomy":"product_cat","embeddable":true,"href":"https:\/\/vitalproducts.eu\/de\/wp-json\/wp\/v2\/product_cat?post=18620"},{"taxonomy":"product_tag","embeddable":true,"href":"https:\/\/vitalproducts.eu\/de\/wp-json\/wp\/v2\/product_tag?post=18620"}],"curies":[{"name":"wp","href":"https:\/\/api.w.org\/{rel}","templated":true}]}}