{"id":19371,"date":"2023-11-26T09:52:01","date_gmt":"2023-11-26T09:51:12","guid":{"rendered":"https:\/\/www.vitalproducts.eu\/product\/vlife-intime-zone-in-balance-40\/"},"modified":"2025-08-20T19:37:23","modified_gmt":"2025-08-20T17:37:23","slug":"vlife-intime-zone-in-balance-40","status":"publish","type":"product","link":"https:\/\/vitalproducts.eu\/de\/product\/vlife-intime-zone-in-balance-40\/","title":{"rendered":"VLife Intime Zone in Balance 40+"},"content":{"rendered":"<p>Speziell formuliert mit hervorragender Pflege zur F\u00f6rderung der Gesundheit der Intimzone in den Wechseljahren. Dieses Produkt kann Ihre Intimzone besondere Pflege geben, um den nat\u00fcrlichen Heilungsprozess w\u00e4hrend der Menopause zu unterst\u00fctzen, w\u00e4hrend sie unterst\u00fctzend in der:<\/p>\n<ul>\n<li><strong>Vorbeugung von Hitzewallungen<\/strong><\/li>\n<li><strong>Vorbeugung von Stimmungsschwankungen<\/strong><\/li>\n<li><strong>Vorbeugung von M\u00fcdigkeit<\/strong><\/li>\n<li><strong>Vorbeugung von Schlafst\u00f6rungen<\/strong><\/li>\n<li><strong>Vorbeugung von Konzentrationsproblemen.<\/strong><\/li>\n<\/ul>\n","protected":false},"excerpt":{"rendered":"<p>Speziell formuliert mit Exzellenz Pflege zur F\u00f6rderung der Gesundheit der Intime Zone w\u00e4hrend der Menopause. Dieses Produkt kann Ihrer Intimzone spezielle Pflege geben, um den nat\u00fcrlichen Heilungsprozess der Vagina zu unterst\u00fctzen.<\/p>\n","protected":false},"featured_media":19690,"comment_status":"open","ping_status":"closed","template":"","meta":{"site-sidebar-layout":"default","site-content-layout":"","ast-site-content-layout":"default","site-content-style":"default","site-sidebar-style":"default","ast-global-header-display":"","ast-banner-title-visibility":"","ast-main-header-display":"","ast-hfb-above-header-display":"","ast-hfb-below-header-display":"","ast-hfb-mobile-header-display":"","site-post-title":"","ast-breadcrumbs-content":"","ast-featured-img":"","footer-sml-layout":"","ast-disable-related-posts":"","theme-transparent-header-meta":"default","adv-header-id-meta":"","stick-header-meta":"","header-above-stick-meta":"","header-main-stick-meta":"","header-below-stick-meta":"","astra-migrate-meta-layouts":"set","ast-page-background-enabled":"default","ast-page-background-meta":{"desktop":{"background-color":"var(--ast-global-color-4)","background-image":"","background-repeat":"repeat","background-position":"center center","background-size":"auto","background-attachment":"scroll","background-type":"","background-media":"","overlay-type":"","overlay-color":"","overlay-opacity":"","overlay-gradient":""},"tablet":{"background-color":"","background-image":"","background-repeat":"repeat","background-position":"center center","background-size":"auto","background-attachment":"scroll","background-type":"","background-media":"","overlay-type":"","overlay-color":"","overlay-opacity":"","overlay-gradient":""},"mobile":{"background-color":"","background-image":"","background-repeat":"repeat","background-position":"center center","background-size":"auto","background-attachment":"scroll","background-type":"","background-media":"","overlay-type":"","overlay-color":"","overlay-opacity":"","overlay-gradient":""}},"ast-content-background-meta":{"desktop":{"background-color":"var(--ast-global-color-5)","background-image":"","background-repeat":"repeat","background-position":"center center","background-size":"auto","background-attachment":"scroll","background-type":"","background-media":"","overlay-type":"","overlay-color":"","overlay-opacity":"","overlay-gradient":""},"tablet":{"background-color":"var(--ast-global-color-5)","background-image":"","background-repeat":"repeat","background-position":"center center","background-size":"auto","background-attachment":"scroll","background-type":"","background-media":"","overlay-type":"","overlay-color":"","overlay-opacity":"","overlay-gradient":""},"mobile":{"background-color":"var(--ast-global-color-5)","background-image":"","background-repeat":"repeat","background-position":"center center","background-size":"auto","background-attachment":"scroll","background-type":"","background-media":"","overlay-type":"","overlay-color":"","overlay-opacity":"","overlay-gradient":""}},"_joinchat":[]},"product_brand":[],"product_cat":[191,236],"product_tag":[],"class_list":{"0":"post-19371","1":"product","2":"type-product","3":"status-publish","4":"has-post-thumbnail","6":"product_cat-alle-vital-produkte","7":"product_cat-probiotika-fuer-frauen","8":"has-subscription-plans","9":"desktop-align-left","10":"tablet-align-left","11":"mobile-align-left","13":"first","14":"instock","15":"taxable","16":"shipping-taxable","17":"purchasable","18":"product-type-simple"},"yoast_head":"<!-- This site is optimized with the Yoast SEO plugin v27.1.1 - https:\/\/yoast.com\/product\/yoast-seo-wordpress\/ -->\n<title>VLife Intime Zone in Balance 40+ - Vital Products<\/title>\n<meta name=\"robots\" content=\"index, follow, max-snippet:-1, max-image-preview:large, max-video-preview:-1\" \/>\n<link rel=\"canonical\" href=\"https:\/\/vitalproducts.eu\/de\/product\/vlife-intime-zone-in-balance-40\/\" \/>\n<meta property=\"og:locale\" content=\"de_DE\" \/>\n<meta property=\"og:type\" content=\"article\" \/>\n<meta property=\"og:title\" content=\"VLife Intime Zone in Balance 40+ - Vital Products\" \/>\n<meta property=\"og:description\" content=\"Speziell formuliert mit Exzellenz Pflege zur F\u00f6rderung der Gesundheit der Intime Zone w\u00e4hrend der Menopause. Dieses Produkt kann Ihrer Intimzone spezielle Pflege geben, um den nat\u00fcrlichen Heilungsprozess der Vagina zu unterst\u00fctzen.\" \/>\n<meta property=\"og:url\" content=\"https:\/\/vitalproducts.eu\/de\/product\/vlife-intime-zone-in-balance-40\/\" \/>\n<meta property=\"og:site_name\" content=\"Vital Products\" \/>\n<meta property=\"article:modified_time\" content=\"2025-08-20T17:37:23+00:00\" \/>\n<meta property=\"og:image\" content=\"https:\/\/www.vitalproducts.eu\/..\/..\/..\/bitnami\/wordpress\/wp-content\/uploads\/2024\/01\/IntiemeZone_menopause.jpg\" \/>\n\t<meta property=\"og:image:width\" content=\"1080\" \/>\n\t<meta property=\"og:image:height\" content=\"1080\" \/>\n\t<meta property=\"og:image:type\" content=\"image\/jpeg\" \/>\n<meta name=\"twitter:card\" content=\"summary_large_image\" \/>\n<meta name=\"twitter:label1\" content=\"Gesch\u00e4tzte Lesezeit\" \/>\n\t<meta name=\"twitter:data1\" content=\"1\u00a0Minute\" \/>\n<script type=\"application\/ld+json\" class=\"yoast-schema-graph\">{\"@context\":\"https:\/\/schema.org\",\"@graph\":[{\"@type\":\"WebPage\",\"@id\":\"https:\/\/vitalproducts.eu\/de\/product\/vlife-intime-zone-in-balance-40\/\",\"url\":\"https:\/\/vitalproducts.eu\/de\/product\/vlife-intime-zone-in-balance-40\/\",\"name\":\"VLife Intime Zone in Balance 40+ - Vital Products\",\"isPartOf\":{\"@id\":\"https:\/\/www.vitalproducts.eu\/de\/#website\"},\"primaryImageOfPage\":{\"@id\":\"https:\/\/vitalproducts.eu\/de\/product\/vlife-intime-zone-in-balance-40\/#primaryimage\"},\"image\":{\"@id\":\"https:\/\/vitalproducts.eu\/de\/product\/vlife-intime-zone-in-balance-40\/#primaryimage\"},\"thumbnailUrl\":\"https:\/\/vitalproducts.eu\/..\/..\/..\/bitnami\/wordpress\/wp-content\/uploads\/2024\/01\/IntiemeZone_menopause.jpg\",\"datePublished\":\"2023-11-26T09:51:12+00:00\",\"dateModified\":\"2025-08-20T17:37:23+00:00\",\"breadcrumb\":{\"@id\":\"https:\/\/vitalproducts.eu\/de\/product\/vlife-intime-zone-in-balance-40\/#breadcrumb\"},\"inLanguage\":\"de\",\"potentialAction\":[{\"@type\":\"ReadAction\",\"target\":[\"https:\/\/vitalproducts.eu\/de\/product\/vlife-intime-zone-in-balance-40\/\"]}]},{\"@type\":\"ImageObject\",\"inLanguage\":\"de\",\"@id\":\"https:\/\/vitalproducts.eu\/de\/product\/vlife-intime-zone-in-balance-40\/#primaryimage\",\"url\":\"https:\/\/vitalproducts.eu\/..\/..\/..\/bitnami\/wordpress\/wp-content\/uploads\/2024\/01\/IntiemeZone_menopause.jpg\",\"contentUrl\":\"https:\/\/vitalproducts.eu\/..\/..\/..\/bitnami\/wordpress\/wp-content\/uploads\/2024\/01\/IntiemeZone_menopause.jpg\",\"width\":1080,\"height\":1080},{\"@type\":\"BreadcrumbList\",\"@id\":\"https:\/\/vitalproducts.eu\/de\/product\/vlife-intime-zone-in-balance-40\/#breadcrumb\",\"itemListElement\":[{\"@type\":\"ListItem\",\"position\":1,\"name\":\"Home\",\"item\":\"https:\/\/www.vitalproducts.eu\/de\/\"},{\"@type\":\"ListItem\",\"position\":2,\"name\":\"Shop\",\"item\":\"https:\/\/www.vitalproducts.eu\/de\/shop\/\"},{\"@type\":\"ListItem\",\"position\":3,\"name\":\"VLife Intime Zone in Balance 40+\"}]},{\"@type\":\"WebSite\",\"@id\":\"https:\/\/www.vitalproducts.eu\/de\/#website\",\"url\":\"https:\/\/www.vitalproducts.eu\/de\/\",\"name\":\"Vital Products\",\"description\":\"\",\"potentialAction\":[{\"@type\":\"SearchAction\",\"target\":{\"@type\":\"EntryPoint\",\"urlTemplate\":\"https:\/\/www.vitalproducts.eu\/de\/?s={search_term_string}\"},\"query-input\":{\"@type\":\"PropertyValueSpecification\",\"valueRequired\":true,\"valueName\":\"search_term_string\"}}],\"inLanguage\":\"de\"}]}<\/script>\n<!-- \/ Yoast SEO plugin. -->","yoast_head_json":{"title":"VLife Intime Zone in Balance 40+ - Vital Products","robots":{"index":"index","follow":"follow","max-snippet":"max-snippet:-1","max-image-preview":"max-image-preview:large","max-video-preview":"max-video-preview:-1"},"canonical":"https:\/\/vitalproducts.eu\/de\/product\/vlife-intime-zone-in-balance-40\/","og_locale":"de_DE","og_type":"article","og_title":"VLife Intime Zone in Balance 40+ - Vital Products","og_description":"Speziell formuliert mit Exzellenz Pflege zur F\u00f6rderung der Gesundheit der Intime Zone w\u00e4hrend der Menopause. Dieses Produkt kann Ihrer Intimzone spezielle Pflege geben, um den nat\u00fcrlichen Heilungsprozess der Vagina zu unterst\u00fctzen.","og_url":"https:\/\/vitalproducts.eu\/de\/product\/vlife-intime-zone-in-balance-40\/","og_site_name":"Vital Products","article_modified_time":"2025-08-20T17:37:23+00:00","og_image":[{"width":1080,"height":1080,"url":"https:\/\/www.vitalproducts.eu\/..\/..\/..\/bitnami\/wordpress\/wp-content\/uploads\/2024\/01\/IntiemeZone_menopause.jpg","type":"image\/jpeg"}],"twitter_card":"summary_large_image","twitter_misc":{"Gesch\u00e4tzte Lesezeit":"1\u00a0Minute"},"schema":{"@context":"https:\/\/schema.org","@graph":[{"@type":"WebPage","@id":"https:\/\/vitalproducts.eu\/de\/product\/vlife-intime-zone-in-balance-40\/","url":"https:\/\/vitalproducts.eu\/de\/product\/vlife-intime-zone-in-balance-40\/","name":"VLife Intime Zone in Balance 40+ - Vital Products","isPartOf":{"@id":"https:\/\/www.vitalproducts.eu\/de\/#website"},"primaryImageOfPage":{"@id":"https:\/\/vitalproducts.eu\/de\/product\/vlife-intime-zone-in-balance-40\/#primaryimage"},"image":{"@id":"https:\/\/vitalproducts.eu\/de\/product\/vlife-intime-zone-in-balance-40\/#primaryimage"},"thumbnailUrl":"https:\/\/vitalproducts.eu\/..\/..\/..\/bitnami\/wordpress\/wp-content\/uploads\/2024\/01\/IntiemeZone_menopause.jpg","datePublished":"2023-11-26T09:51:12+00:00","dateModified":"2025-08-20T17:37:23+00:00","breadcrumb":{"@id":"https:\/\/vitalproducts.eu\/de\/product\/vlife-intime-zone-in-balance-40\/#breadcrumb"},"inLanguage":"de","potentialAction":[{"@type":"ReadAction","target":["https:\/\/vitalproducts.eu\/de\/product\/vlife-intime-zone-in-balance-40\/"]}]},{"@type":"ImageObject","inLanguage":"de","@id":"https:\/\/vitalproducts.eu\/de\/product\/vlife-intime-zone-in-balance-40\/#primaryimage","url":"https:\/\/vitalproducts.eu\/..\/..\/..\/bitnami\/wordpress\/wp-content\/uploads\/2024\/01\/IntiemeZone_menopause.jpg","contentUrl":"https:\/\/vitalproducts.eu\/..\/..\/..\/bitnami\/wordpress\/wp-content\/uploads\/2024\/01\/IntiemeZone_menopause.jpg","width":1080,"height":1080},{"@type":"BreadcrumbList","@id":"https:\/\/vitalproducts.eu\/de\/product\/vlife-intime-zone-in-balance-40\/#breadcrumb","itemListElement":[{"@type":"ListItem","position":1,"name":"Home","item":"https:\/\/www.vitalproducts.eu\/de\/"},{"@type":"ListItem","position":2,"name":"Shop","item":"https:\/\/www.vitalproducts.eu\/de\/shop\/"},{"@type":"ListItem","position":3,"name":"VLife Intime Zone in Balance 40+"}]},{"@type":"WebSite","@id":"https:\/\/www.vitalproducts.eu\/de\/#website","url":"https:\/\/www.vitalproducts.eu\/de\/","name":"Vital Products","description":"","potentialAction":[{"@type":"SearchAction","target":{"@type":"EntryPoint","urlTemplate":"https:\/\/www.vitalproducts.eu\/de\/?s={search_term_string}"},"query-input":{"@type":"PropertyValueSpecification","valueRequired":true,"valueName":"search_term_string"}}],"inLanguage":"de"}]}},"_links":{"self":[{"href":"https:\/\/vitalproducts.eu\/de\/wp-json\/wp\/v2\/product\/19371","targetHints":{"allow":["GET"]}}],"collection":[{"href":"https:\/\/vitalproducts.eu\/de\/wp-json\/wp\/v2\/product"}],"about":[{"href":"https:\/\/vitalproducts.eu\/de\/wp-json\/wp\/v2\/types\/product"}],"replies":[{"embeddable":true,"href":"https:\/\/vitalproducts.eu\/de\/wp-json\/wp\/v2\/comments?post=19371"}],"wp:featuredmedia":[{"embeddable":true,"href":"https:\/\/vitalproducts.eu\/de\/wp-json\/wp\/v2\/media\/19690"}],"wp:attachment":[{"href":"https:\/\/vitalproducts.eu\/de\/wp-json\/wp\/v2\/media?parent=19371"}],"wp:term":[{"taxonomy":"product_brand","embeddable":true,"href":"https:\/\/vitalproducts.eu\/de\/wp-json\/wp\/v2\/product_brand?post=19371"},{"taxonomy":"product_cat","embeddable":true,"href":"https:\/\/vitalproducts.eu\/de\/wp-json\/wp\/v2\/product_cat?post=19371"},{"taxonomy":"product_tag","embeddable":true,"href":"https:\/\/vitalproducts.eu\/de\/wp-json\/wp\/v2\/product_tag?post=19371"}],"curies":[{"name":"wp","href":"https:\/\/api.w.org\/{rel}","templated":true}]}}