{"id":19387,"date":"2023-11-26T09:56:08","date_gmt":"2023-11-26T09:52:13","guid":{"rendered":"https:\/\/www.vitalproducts.eu\/product\/vlife-intime-zone-in-balance-20\/"},"modified":"2026-03-07T03:27:49","modified_gmt":"2026-03-07T02:27:49","slug":"vlife-intime-zone-in-balance-20","status":"publish","type":"product","link":"https:\/\/vitalproducts.eu\/de\/product\/vlife-intime-zone-in-balance-20\/","title":{"rendered":"VLife Intime Zone in Balance Erwachsener 20+"},"content":{"rendered":"<p>Mit herausragender Sorgfalt formuliert, um die Gesundheit der Intimzone zu f\u00f6rdern. Dieses Produkt kann Ihren Intimbereich mit spezieller Pflege versorgen, um den nat\u00fcrlichen Heilungsprozess bei Infektionen und\/oder bakterieller \u00dcberwucherung zu unterst\u00fctzen. Sie kann unter anderem sicherstellen:<\/p>\n<ul>\n<li><strong>Ein optimales Gleichgewicht der Intimflora<\/strong><\/li>\n<li><strong>Vorbeugung von bakteriellen und Pilzinfektionen<\/strong><\/li>\n<li><strong>Vorbeugung von Reizungen<\/strong><\/li>\n<li><strong>Vorbeugung von brennenden Gef\u00fchlen<\/strong><\/li>\n<li><strong>Verhinderung einer \u00fcberm\u00e4\u00dfigen Entladung.<\/strong><\/li>\n<\/ul>\n<p>&nbsp;<\/p>\n<h1><\/h1>\n","protected":false},"excerpt":{"rendered":"<p>Formuliert mit Exzellenz Pflege, um die Gesundheit der Intime Zone zu f\u00f6rdern. Dieses Produkt kann Ihrer Intimzone spezielle Pflege geben, um den nat\u00fcrlichen Heilungsprozess der Vagina zu unterst\u00fctzen.<\/p>\n","protected":false},"featured_media":19686,"comment_status":"open","ping_status":"closed","template":"","meta":{"site-sidebar-layout":"default","site-content-layout":"","ast-site-content-layout":"default","site-content-style":"default","site-sidebar-style":"default","ast-global-header-display":"","ast-banner-title-visibility":"","ast-main-header-display":"","ast-hfb-above-header-display":"","ast-hfb-below-header-display":"","ast-hfb-mobile-header-display":"","site-post-title":"","ast-breadcrumbs-content":"","ast-featured-img":"","footer-sml-layout":"","ast-disable-related-posts":"","theme-transparent-header-meta":"default","adv-header-id-meta":"","stick-header-meta":"","header-above-stick-meta":"","header-main-stick-meta":"","header-below-stick-meta":"","astra-migrate-meta-layouts":"set","ast-page-background-enabled":"default","ast-page-background-meta":{"desktop":{"background-color":"var(--ast-global-color-4)","background-image":"","background-repeat":"repeat","background-position":"center center","background-size":"auto","background-attachment":"scroll","background-type":"","background-media":"","overlay-type":"","overlay-color":"","overlay-opacity":"","overlay-gradient":""},"tablet":{"background-color":"","background-image":"","background-repeat":"repeat","background-position":"center center","background-size":"auto","background-attachment":"scroll","background-type":"","background-media":"","overlay-type":"","overlay-color":"","overlay-opacity":"","overlay-gradient":""},"mobile":{"background-color":"","background-image":"","background-repeat":"repeat","background-position":"center center","background-size":"auto","background-attachment":"scroll","background-type":"","background-media":"","overlay-type":"","overlay-color":"","overlay-opacity":"","overlay-gradient":""}},"ast-content-background-meta":{"desktop":{"background-color":"var(--ast-global-color-5)","background-image":"","background-repeat":"repeat","background-position":"center center","background-size":"auto","background-attachment":"scroll","background-type":"","background-media":"","overlay-type":"","overlay-color":"","overlay-opacity":"","overlay-gradient":""},"tablet":{"background-color":"var(--ast-global-color-5)","background-image":"","background-repeat":"repeat","background-position":"center center","background-size":"auto","background-attachment":"scroll","background-type":"","background-media":"","overlay-type":"","overlay-color":"","overlay-opacity":"","overlay-gradient":""},"mobile":{"background-color":"var(--ast-global-color-5)","background-image":"","background-repeat":"repeat","background-position":"center center","background-size":"auto","background-attachment":"scroll","background-type":"","background-media":"","overlay-type":"","overlay-color":"","overlay-opacity":"","overlay-gradient":""}},"_joinchat":[]},"product_brand":[],"product_cat":[191,236],"product_tag":[],"class_list":{"0":"post-19387","1":"product","2":"type-product","3":"status-publish","4":"has-post-thumbnail","6":"product_cat-alle-vital-produkte","7":"product_cat-probiotika-fuer-frauen","8":"has-subscription-plans","9":"desktop-align-left","10":"tablet-align-left","11":"mobile-align-left","13":"first","14":"instock","15":"taxable","16":"shipping-taxable","17":"purchasable","18":"product-type-simple"},"yoast_head":"<!-- This site is optimized with the Yoast SEO plugin v27.1.1 - https:\/\/yoast.com\/product\/yoast-seo-wordpress\/ -->\n<title>VLife Intime Zone in Balance Erwachsener 20+ - Vital Products<\/title>\n<meta name=\"robots\" content=\"index, follow, max-snippet:-1, max-image-preview:large, max-video-preview:-1\" \/>\n<link rel=\"canonical\" href=\"https:\/\/vitalproducts.eu\/de\/product\/vlife-intime-zone-in-balance-20\/\" \/>\n<meta property=\"og:locale\" content=\"de_DE\" \/>\n<meta property=\"og:type\" content=\"article\" \/>\n<meta property=\"og:title\" content=\"VLife Intime Zone in Balance Erwachsener 20+ - Vital Products\" \/>\n<meta property=\"og:description\" content=\"Formuliert mit Exzellenz Pflege, um die Gesundheit der Intime Zone zu f\u00f6rdern. Dieses Produkt kann Ihrer Intimzone spezielle Pflege geben, um den nat\u00fcrlichen Heilungsprozess der Vagina zu unterst\u00fctzen.\" \/>\n<meta property=\"og:url\" content=\"https:\/\/vitalproducts.eu\/de\/product\/vlife-intime-zone-in-balance-20\/\" \/>\n<meta property=\"og:site_name\" content=\"Vital Products\" \/>\n<meta property=\"article:modified_time\" content=\"2026-03-07T02:27:49+00:00\" \/>\n<meta property=\"og:image\" content=\"https:\/\/vitalproducts.eu\/..\/..\/..\/bitnami\/wordpress\/wp-content\/uploads\/2024\/01\/IntiemeZone_adulthood.jpg\" \/>\n\t<meta property=\"og:image:width\" content=\"1080\" \/>\n\t<meta property=\"og:image:height\" content=\"1080\" \/>\n\t<meta property=\"og:image:type\" content=\"image\/jpeg\" \/>\n<meta name=\"twitter:card\" content=\"summary_large_image\" \/>\n<meta name=\"twitter:label1\" content=\"Gesch\u00e4tzte Lesezeit\" \/>\n\t<meta name=\"twitter:data1\" content=\"1\u00a0Minute\" \/>\n<script type=\"application\/ld+json\" class=\"yoast-schema-graph\">{\"@context\":\"https:\/\/schema.org\",\"@graph\":[{\"@type\":\"WebPage\",\"@id\":\"https:\/\/vitalproducts.eu\/de\/product\/vlife-intime-zone-in-balance-20\/\",\"url\":\"https:\/\/vitalproducts.eu\/de\/product\/vlife-intime-zone-in-balance-20\/\",\"name\":\"VLife Intime Zone in Balance Erwachsener 20+ - Vital Products\",\"isPartOf\":{\"@id\":\"http:\/\/172.26.5.218\/#website\"},\"primaryImageOfPage\":{\"@id\":\"https:\/\/vitalproducts.eu\/de\/product\/vlife-intime-zone-in-balance-20\/#primaryimage\"},\"image\":{\"@id\":\"https:\/\/vitalproducts.eu\/de\/product\/vlife-intime-zone-in-balance-20\/#primaryimage\"},\"thumbnailUrl\":\"https:\/\/vitalproducts.eu\/..\/..\/..\/bitnami\/wordpress\/wp-content\/uploads\/2024\/01\/IntiemeZone_adulthood.jpg\",\"datePublished\":\"2023-11-26T09:52:13+00:00\",\"dateModified\":\"2026-03-07T02:27:49+00:00\",\"breadcrumb\":{\"@id\":\"https:\/\/vitalproducts.eu\/de\/product\/vlife-intime-zone-in-balance-20\/#breadcrumb\"},\"inLanguage\":\"de\",\"potentialAction\":[{\"@type\":\"ReadAction\",\"target\":[\"https:\/\/vitalproducts.eu\/de\/product\/vlife-intime-zone-in-balance-20\/\"]}]},{\"@type\":\"ImageObject\",\"inLanguage\":\"de\",\"@id\":\"https:\/\/vitalproducts.eu\/de\/product\/vlife-intime-zone-in-balance-20\/#primaryimage\",\"url\":\"https:\/\/vitalproducts.eu\/..\/..\/..\/bitnami\/wordpress\/wp-content\/uploads\/2024\/01\/IntiemeZone_adulthood.jpg\",\"contentUrl\":\"https:\/\/vitalproducts.eu\/..\/..\/..\/bitnami\/wordpress\/wp-content\/uploads\/2024\/01\/IntiemeZone_adulthood.jpg\",\"width\":1080,\"height\":1080},{\"@type\":\"BreadcrumbList\",\"@id\":\"https:\/\/vitalproducts.eu\/de\/product\/vlife-intime-zone-in-balance-20\/#breadcrumb\",\"itemListElement\":[{\"@type\":\"ListItem\",\"position\":1,\"name\":\"Home\",\"item\":\"https:\/\/www.vitalproducts.nl\/de\/\"},{\"@type\":\"ListItem\",\"position\":2,\"name\":\"Shop\",\"item\":\"https:\/\/vitalproducts.nl\/de\/shop\/\"},{\"@type\":\"ListItem\",\"position\":3,\"name\":\"VLife Intime Zone in Balance Erwachsener 20+\"}]},{\"@type\":\"WebSite\",\"@id\":\"http:\/\/172.26.5.218\/#website\",\"url\":\"http:\/\/172.26.5.218\/\",\"name\":\"Vital Products\",\"description\":\"\",\"potentialAction\":[{\"@type\":\"SearchAction\",\"target\":{\"@type\":\"EntryPoint\",\"urlTemplate\":\"http:\/\/172.26.5.218\/?s={search_term_string}\"},\"query-input\":{\"@type\":\"PropertyValueSpecification\",\"valueRequired\":true,\"valueName\":\"search_term_string\"}}],\"inLanguage\":\"de\"}]}<\/script>\n<!-- \/ Yoast SEO plugin. -->","yoast_head_json":{"title":"VLife Intime Zone in Balance Erwachsener 20+ - Vital Products","robots":{"index":"index","follow":"follow","max-snippet":"max-snippet:-1","max-image-preview":"max-image-preview:large","max-video-preview":"max-video-preview:-1"},"canonical":"https:\/\/vitalproducts.eu\/de\/product\/vlife-intime-zone-in-balance-20\/","og_locale":"de_DE","og_type":"article","og_title":"VLife Intime Zone in Balance Erwachsener 20+ - Vital Products","og_description":"Formuliert mit Exzellenz Pflege, um die Gesundheit der Intime Zone zu f\u00f6rdern. Dieses Produkt kann Ihrer Intimzone spezielle Pflege geben, um den nat\u00fcrlichen Heilungsprozess der Vagina zu unterst\u00fctzen.","og_url":"https:\/\/vitalproducts.eu\/de\/product\/vlife-intime-zone-in-balance-20\/","og_site_name":"Vital Products","article_modified_time":"2026-03-07T02:27:49+00:00","og_image":[{"width":1080,"height":1080,"url":"https:\/\/vitalproducts.eu\/..\/..\/..\/bitnami\/wordpress\/wp-content\/uploads\/2024\/01\/IntiemeZone_adulthood.jpg","type":"image\/jpeg"}],"twitter_card":"summary_large_image","twitter_misc":{"Gesch\u00e4tzte Lesezeit":"1\u00a0Minute"},"schema":{"@context":"https:\/\/schema.org","@graph":[{"@type":"WebPage","@id":"https:\/\/vitalproducts.eu\/de\/product\/vlife-intime-zone-in-balance-20\/","url":"https:\/\/vitalproducts.eu\/de\/product\/vlife-intime-zone-in-balance-20\/","name":"VLife Intime Zone in Balance Erwachsener 20+ - Vital Products","isPartOf":{"@id":"http:\/\/172.26.5.218\/#website"},"primaryImageOfPage":{"@id":"https:\/\/vitalproducts.eu\/de\/product\/vlife-intime-zone-in-balance-20\/#primaryimage"},"image":{"@id":"https:\/\/vitalproducts.eu\/de\/product\/vlife-intime-zone-in-balance-20\/#primaryimage"},"thumbnailUrl":"https:\/\/vitalproducts.eu\/..\/..\/..\/bitnami\/wordpress\/wp-content\/uploads\/2024\/01\/IntiemeZone_adulthood.jpg","datePublished":"2023-11-26T09:52:13+00:00","dateModified":"2026-03-07T02:27:49+00:00","breadcrumb":{"@id":"https:\/\/vitalproducts.eu\/de\/product\/vlife-intime-zone-in-balance-20\/#breadcrumb"},"inLanguage":"de","potentialAction":[{"@type":"ReadAction","target":["https:\/\/vitalproducts.eu\/de\/product\/vlife-intime-zone-in-balance-20\/"]}]},{"@type":"ImageObject","inLanguage":"de","@id":"https:\/\/vitalproducts.eu\/de\/product\/vlife-intime-zone-in-balance-20\/#primaryimage","url":"https:\/\/vitalproducts.eu\/..\/..\/..\/bitnami\/wordpress\/wp-content\/uploads\/2024\/01\/IntiemeZone_adulthood.jpg","contentUrl":"https:\/\/vitalproducts.eu\/..\/..\/..\/bitnami\/wordpress\/wp-content\/uploads\/2024\/01\/IntiemeZone_adulthood.jpg","width":1080,"height":1080},{"@type":"BreadcrumbList","@id":"https:\/\/vitalproducts.eu\/de\/product\/vlife-intime-zone-in-balance-20\/#breadcrumb","itemListElement":[{"@type":"ListItem","position":1,"name":"Home","item":"https:\/\/www.vitalproducts.nl\/de\/"},{"@type":"ListItem","position":2,"name":"Shop","item":"https:\/\/vitalproducts.nl\/de\/shop\/"},{"@type":"ListItem","position":3,"name":"VLife Intime Zone in Balance Erwachsener 20+"}]},{"@type":"WebSite","@id":"http:\/\/172.26.5.218\/#website","url":"http:\/\/172.26.5.218\/","name":"Vital Products","description":"","potentialAction":[{"@type":"SearchAction","target":{"@type":"EntryPoint","urlTemplate":"http:\/\/172.26.5.218\/?s={search_term_string}"},"query-input":{"@type":"PropertyValueSpecification","valueRequired":true,"valueName":"search_term_string"}}],"inLanguage":"de"}]}},"_links":{"self":[{"href":"https:\/\/vitalproducts.eu\/de\/wp-json\/wp\/v2\/product\/19387","targetHints":{"allow":["GET"]}}],"collection":[{"href":"https:\/\/vitalproducts.eu\/de\/wp-json\/wp\/v2\/product"}],"about":[{"href":"https:\/\/vitalproducts.eu\/de\/wp-json\/wp\/v2\/types\/product"}],"replies":[{"embeddable":true,"href":"https:\/\/vitalproducts.eu\/de\/wp-json\/wp\/v2\/comments?post=19387"}],"wp:featuredmedia":[{"embeddable":true,"href":"https:\/\/vitalproducts.eu\/de\/wp-json\/wp\/v2\/media\/19686"}],"wp:attachment":[{"href":"https:\/\/vitalproducts.eu\/de\/wp-json\/wp\/v2\/media?parent=19387"}],"wp:term":[{"taxonomy":"product_brand","embeddable":true,"href":"https:\/\/vitalproducts.eu\/de\/wp-json\/wp\/v2\/product_brand?post=19387"},{"taxonomy":"product_cat","embeddable":true,"href":"https:\/\/vitalproducts.eu\/de\/wp-json\/wp\/v2\/product_cat?post=19387"},{"taxonomy":"product_tag","embeddable":true,"href":"https:\/\/vitalproducts.eu\/de\/wp-json\/wp\/v2\/product_tag?post=19387"}],"curies":[{"name":"wp","href":"https:\/\/api.w.org\/{rel}","templated":true}]}}